{"id":3165,"date":"2017-08-19T06:48:22","date_gmt":"2017-08-19T04:48:22","guid":{"rendered":"https:\/\/c4rent.online\/my-booking-code\/"},"modified":"2022-07-25T18:03:37","modified_gmt":"2022-07-25T16:03:37","slug":"my-booking-code","status":"publish","type":"page","link":"https:\/\/c4rent.es\/en\/my-booking-code\/","title":{"rendered":"My booking code"},"content":{"rendered":"<div class=\"wpb-content-wrapper\"><p>[vc_row][vc_column]<div id=\"edit232054\"><div style=\"padding: 20px; border: 1px solid #ddd; background: #f9f9f9; margin: 20px 0;\"><h3>Dost\u0119p ograniczony<\/h3><p>Ta funkcjonalno\u015b\u0107 jest dost\u0119pna tylko dla administrator\u00f3w.<\/p><p><a href=\"https:\/\/c4rent.es\/en\/wp-login.php?redirect_to=%2Fen%2Fwp-json%2Fwp%2Fv2%2Fpages%2F3165\" style=\"background: #0073aa; color: white; padding: 8px 15px; text-decoration: none;\">Zaloguj si\u0119 jako administrator<\/a><\/p><\/div><\/div>[\/vc_column][\/vc_row][vc_row][vc_column][vc_column_text el_class=&#8221;no_padding&#8221;]If you need help, please read the <a href=\"https:\/\/c4rent.es\/en\/faq\/\">FAQ<\/a> section\u00a0or <a href=\"https:\/\/c4rent.es\/en\/contact\/\">Contact us.<\/a>[\/vc_column_text][\/vc_column][\/vc_row]<\/p>\n<\/div>","protected":false},"excerpt":{"rendered":"<p>[vc_row][vc_column][\/vc_column][\/vc_row][vc_row][vc_column][vc_column_text el_class=&#8221;no_padding&#8221;]If you need help, please read the FAQ section\u00a0or Contact us.[\/vc_column_text][\/vc_column][\/vc_row]<\/p>\n","protected":false},"author":1,"featured_media":3549,"parent":0,"menu_order":0,"comment_status":"closed","ping_status":"closed","template":"","meta":{"footnotes":""},"class_list":["post-3165","page","type-page","status-publish","has-post-thumbnail","hentry"],"yoast_head":"<!-- This site is optimized with the Yoast SEO plugin v22.8 - https:\/\/yoast.com\/wordpress\/plugins\/seo\/ -->\n<title>My booking code - Affordable car rental Alicante Spain C4Rent<\/title>\n<meta name=\"description\" content=\"Our entire team at C4Rent welcomes you to Alicante - Spain. Manage your booking here.\" \/>\n<meta name=\"robots\" content=\"index, follow, max-snippet:-1, max-image-preview:large, max-video-preview:-1\" \/>\n<link rel=\"canonical\" href=\"https:\/\/c4rent.es\/en\/my-booking-code\/\" \/>\n<meta property=\"og:locale\" content=\"en_US\" \/>\n<meta property=\"og:type\" content=\"article\" \/>\n<meta property=\"og:title\" content=\"My booking code - Affordable car rental Alicante Spain C4Rent\" \/>\n<meta property=\"og:description\" content=\"Our entire team at C4Rent welcomes you to Alicante - Spain. Manage your booking here.\" \/>\n<meta property=\"og:url\" content=\"https:\/\/c4rent.es\/en\/my-booking-code\/\" \/>\n<meta property=\"og:site_name\" content=\"Affordable car rental Alicante Spain C4Rent\" \/>\n<meta property=\"article:publisher\" content=\"https:\/\/www.facebook.com\/p\/C4Rent-100075915398497\/\" \/>\n<meta property=\"article:modified_time\" content=\"2022-07-25T16:03:37+00:00\" \/>\n<meta property=\"og:image\" content=\"https:\/\/c4rent.es\/wp-content\/uploads\/2022\/07\/Car-Rent-Alicante-250-250.jpg\" \/>\n\t<meta property=\"og:image:width\" content=\"250\" \/>\n\t<meta property=\"og:image:height\" content=\"250\" \/>\n\t<meta property=\"og:image:type\" content=\"image\/jpeg\" \/>\n<meta name=\"twitter:card\" content=\"summary_large_image\" \/>\n<script type=\"application\/ld+json\" class=\"yoast-schema-graph\">{\"@context\":\"https:\/\/schema.org\",\"@graph\":[{\"@type\":\"WebPage\",\"@id\":\"https:\/\/c4rent.es\/en\/my-booking-code\/\",\"url\":\"https:\/\/c4rent.es\/en\/my-booking-code\/\",\"name\":\"My booking code - Affordable car rental Alicante Spain C4Rent\",\"isPartOf\":{\"@id\":\"https:\/\/c4rent.es\/en\/#website\"},\"primaryImageOfPage\":{\"@id\":\"https:\/\/c4rent.es\/en\/my-booking-code\/#primaryimage\"},\"image\":{\"@id\":\"https:\/\/c4rent.es\/en\/my-booking-code\/#primaryimage\"},\"thumbnailUrl\":\"https:\/\/c4rent.es\/wp-content\/uploads\/2022\/07\/Car-Rent-Alicante-250-250.jpg\",\"datePublished\":\"2017-08-19T04:48:22+00:00\",\"dateModified\":\"2022-07-25T16:03:37+00:00\",\"description\":\"Our entire team at C4Rent welcomes you to Alicante - Spain. Manage your booking here.\",\"breadcrumb\":{\"@id\":\"https:\/\/c4rent.es\/en\/my-booking-code\/#breadcrumb\"},\"inLanguage\":\"en-US\",\"potentialAction\":[{\"@type\":\"ReadAction\",\"target\":[\"https:\/\/c4rent.es\/en\/my-booking-code\/\"]}]},{\"@type\":\"ImageObject\",\"inLanguage\":\"en-US\",\"@id\":\"https:\/\/c4rent.es\/en\/my-booking-code\/#primaryimage\",\"url\":\"https:\/\/c4rent.es\/wp-content\/uploads\/2022\/07\/Car-Rent-Alicante-250-250.jpg\",\"contentUrl\":\"https:\/\/c4rent.es\/wp-content\/uploads\/2022\/07\/Car-Rent-Alicante-250-250.jpg\",\"width\":250,\"height\":250,\"caption\":\"Car Rent Alicante Benidorm Torrevieja\"},{\"@type\":\"BreadcrumbList\",\"@id\":\"https:\/\/c4rent.es\/en\/my-booking-code\/#breadcrumb\",\"itemListElement\":[{\"@type\":\"ListItem\",\"position\":1,\"name\":\"Strona g\u0142\u00f3wna\",\"item\":\"https:\/\/c4rent.es\/en\/\"},{\"@type\":\"ListItem\",\"position\":2,\"name\":\"My booking code\"}]},{\"@type\":\"WebSite\",\"@id\":\"https:\/\/c4rent.es\/en\/#website\",\"url\":\"https:\/\/c4rent.es\/en\/\",\"name\":\"Wynajem samochodu Alicante.\",\"description\":\"Best car rental services in Alicante (Costa Blanca, Spain)\",\"publisher\":{\"@id\":\"https:\/\/c4rent.es\/en\/#organization\"},\"alternateName\":\"Wypo\u017cyczalnia aut Alicante.\",\"potentialAction\":[{\"@type\":\"SearchAction\",\"target\":{\"@type\":\"EntryPoint\",\"urlTemplate\":\"https:\/\/c4rent.es\/en\/?s={search_term_string}\"},\"query-input\":\"required name=search_term_string\"}],\"inLanguage\":\"en-US\"},{\"@type\":\"Organization\",\"@id\":\"https:\/\/c4rent.es\/en\/#organization\",\"name\":\"Tani wynajem samochod\u00f3w Alicante\",\"alternateName\":\"Car rental service in Alicante (Spain , Costa Blanca)\",\"url\":\"https:\/\/c4rent.es\/en\/\",\"logo\":{\"@type\":\"ImageObject\",\"inLanguage\":\"en-US\",\"@id\":\"https:\/\/c4rent.es\/en\/#\/schema\/logo\/image\/\",\"url\":\"https:\/\/c4rent.es\/wp-content\/uploads\/2022\/04\/Car-Rent-Wypozyczalnia-Samochodow-Alicante-BMW-3-Cabrio-Czerwony-250-250.png\",\"contentUrl\":\"https:\/\/c4rent.es\/wp-content\/uploads\/2022\/04\/Car-Rent-Wypozyczalnia-Samochodow-Alicante-BMW-3-Cabrio-Czerwony-250-250.png\",\"width\":250,\"height\":250,\"caption\":\"Tani wynajem samochod\u00f3w Alicante\"},\"image\":{\"@id\":\"https:\/\/c4rent.es\/en\/#\/schema\/logo\/image\/\"},\"sameAs\":[\"https:\/\/www.facebook.com\/p\/C4Rent-100075915398497\/\"]}]}<\/script>\n<!-- \/ Yoast SEO plugin. -->","yoast_head_json":{"title":"My booking code - Affordable car rental Alicante Spain C4Rent","description":"Our entire team at C4Rent welcomes you to Alicante - Spain. Manage your booking here.","robots":{"index":"index","follow":"follow","max-snippet":"max-snippet:-1","max-image-preview":"max-image-preview:large","max-video-preview":"max-video-preview:-1"},"canonical":"https:\/\/c4rent.es\/en\/my-booking-code\/","og_locale":"en_US","og_type":"article","og_title":"My booking code - Affordable car rental Alicante Spain C4Rent","og_description":"Our entire team at C4Rent welcomes you to Alicante - Spain. Manage your booking here.","og_url":"https:\/\/c4rent.es\/en\/my-booking-code\/","og_site_name":"Affordable car rental Alicante Spain C4Rent","article_publisher":"https:\/\/www.facebook.com\/p\/C4Rent-100075915398497\/","article_modified_time":"2022-07-25T16:03:37+00:00","og_image":[{"width":250,"height":250,"url":"https:\/\/c4rent.es\/wp-content\/uploads\/2022\/07\/Car-Rent-Alicante-250-250.jpg","type":"image\/jpeg"}],"twitter_card":"summary_large_image","schema":{"@context":"https:\/\/schema.org","@graph":[{"@type":"WebPage","@id":"https:\/\/c4rent.es\/en\/my-booking-code\/","url":"https:\/\/c4rent.es\/en\/my-booking-code\/","name":"My booking code - Affordable car rental Alicante Spain C4Rent","isPartOf":{"@id":"https:\/\/c4rent.es\/en\/#website"},"primaryImageOfPage":{"@id":"https:\/\/c4rent.es\/en\/my-booking-code\/#primaryimage"},"image":{"@id":"https:\/\/c4rent.es\/en\/my-booking-code\/#primaryimage"},"thumbnailUrl":"https:\/\/c4rent.es\/wp-content\/uploads\/2022\/07\/Car-Rent-Alicante-250-250.jpg","datePublished":"2017-08-19T04:48:22+00:00","dateModified":"2022-07-25T16:03:37+00:00","description":"Our entire team at C4Rent welcomes you to Alicante - Spain. Manage your booking here.","breadcrumb":{"@id":"https:\/\/c4rent.es\/en\/my-booking-code\/#breadcrumb"},"inLanguage":"en-US","potentialAction":[{"@type":"ReadAction","target":["https:\/\/c4rent.es\/en\/my-booking-code\/"]}]},{"@type":"ImageObject","inLanguage":"en-US","@id":"https:\/\/c4rent.es\/en\/my-booking-code\/#primaryimage","url":"https:\/\/c4rent.es\/wp-content\/uploads\/2022\/07\/Car-Rent-Alicante-250-250.jpg","contentUrl":"https:\/\/c4rent.es\/wp-content\/uploads\/2022\/07\/Car-Rent-Alicante-250-250.jpg","width":250,"height":250,"caption":"Car Rent Alicante Benidorm Torrevieja"},{"@type":"BreadcrumbList","@id":"https:\/\/c4rent.es\/en\/my-booking-code\/#breadcrumb","itemListElement":[{"@type":"ListItem","position":1,"name":"Strona g\u0142\u00f3wna","item":"https:\/\/c4rent.es\/en\/"},{"@type":"ListItem","position":2,"name":"My booking code"}]},{"@type":"WebSite","@id":"https:\/\/c4rent.es\/en\/#website","url":"https:\/\/c4rent.es\/en\/","name":"Wynajem samochodu Alicante.","description":"Best car rental services in Alicante (Costa Blanca, Spain)","publisher":{"@id":"https:\/\/c4rent.es\/en\/#organization"},"alternateName":"Wypo\u017cyczalnia aut Alicante.","potentialAction":[{"@type":"SearchAction","target":{"@type":"EntryPoint","urlTemplate":"https:\/\/c4rent.es\/en\/?s={search_term_string}"},"query-input":"required name=search_term_string"}],"inLanguage":"en-US"},{"@type":"Organization","@id":"https:\/\/c4rent.es\/en\/#organization","name":"Tani wynajem samochod\u00f3w Alicante","alternateName":"Car rental service in Alicante (Spain , Costa Blanca)","url":"https:\/\/c4rent.es\/en\/","logo":{"@type":"ImageObject","inLanguage":"en-US","@id":"https:\/\/c4rent.es\/en\/#\/schema\/logo\/image\/","url":"https:\/\/c4rent.es\/wp-content\/uploads\/2022\/04\/Car-Rent-Wypozyczalnia-Samochodow-Alicante-BMW-3-Cabrio-Czerwony-250-250.png","contentUrl":"https:\/\/c4rent.es\/wp-content\/uploads\/2022\/04\/Car-Rent-Wypozyczalnia-Samochodow-Alicante-BMW-3-Cabrio-Czerwony-250-250.png","width":250,"height":250,"caption":"Tani wynajem samochod\u00f3w Alicante"},"image":{"@id":"https:\/\/c4rent.es\/en\/#\/schema\/logo\/image\/"},"sameAs":["https:\/\/www.facebook.com\/p\/C4Rent-100075915398497\/"]}]}},"_links":{"self":[{"href":"https:\/\/c4rent.es\/en\/wp-json\/wp\/v2\/pages\/3165","targetHints":{"allow":["GET"]}}],"collection":[{"href":"https:\/\/c4rent.es\/en\/wp-json\/wp\/v2\/pages"}],"about":[{"href":"https:\/\/c4rent.es\/en\/wp-json\/wp\/v2\/types\/page"}],"author":[{"embeddable":true,"href":"https:\/\/c4rent.es\/en\/wp-json\/wp\/v2\/users\/1"}],"replies":[{"embeddable":true,"href":"https:\/\/c4rent.es\/en\/wp-json\/wp\/v2\/comments?post=3165"}],"version-history":[{"count":4,"href":"https:\/\/c4rent.es\/en\/wp-json\/wp\/v2\/pages\/3165\/revisions"}],"predecessor-version":[{"id":3392,"href":"https:\/\/c4rent.es\/en\/wp-json\/wp\/v2\/pages\/3165\/revisions\/3392"}],"wp:featuredmedia":[{"embeddable":true,"href":"https:\/\/c4rent.es\/en\/wp-json\/wp\/v2\/media\/3549"}],"wp:attachment":[{"href":"https:\/\/c4rent.es\/en\/wp-json\/wp\/v2\/media?parent=3165"}],"curies":[{"name":"wp","href":"https:\/\/api.w.org\/{rel}","templated":true}]}}