{"id":3739,"date":"2025-07-08T19:29:32","date_gmt":"2025-07-08T17:29:32","guid":{"rendered":"https:\/\/c4rent.es\/3739-2\/"},"modified":"2025-07-09T11:32:33","modified_gmt":"2025-07-09T09:32:33","slug":"3739-2","status":"publish","type":"page","link":"https:\/\/c4rent.es\/en\/3739-2\/","title":{"rendered":""},"content":{"rendered":"<div class=\"wpb-content-wrapper\"><p>[vc_row][vc_column][vc_column_text]<\/p>\n<div class=\"reservation-lookup-container\" id=\"reservationLookupContainer\"><div class=\"reservation-lookup-form\"><h2 class=\"reservation-lookup-title\">Check your reservation<\/h2><form method=\"post\" action=\"\" class=\"reservation-form\" id=\"reservationForm\"><input type=\"hidden\" id=\"reservation_lookup_nonce\" name=\"reservation_lookup_nonce\" value=\"67751edcdd\" \/><input type=\"hidden\" name=\"_wp_http_referer\" value=\"\/en\/wp-json\/wp\/v2\/pages\/3739\" \/><div class=\"form-group\"><label for=\"reservation_code\" class=\"form-label\">Reservation code *<\/label><input type=\"text\" id=\"reservation_code\" name=\"reservation_code\" value=\"\" placeholder=\"Enter reservation code (e.g. CR123456)\" class=\"form-input\" required autocomplete=\"off\" maxlength=\"25\"><div class=\"form-help\"><small>Enter a reservation code of 3-25 characters (letters and numbers). Example: CR123456, RES789ABC<\/small><\/div><\/div><div class=\"form-actions\"><button type=\"submit\" name=\"reservation_lookup_submit\" class=\"btn btn-primary\" id=\"submitBtn\"><span class=\"btn-text\">Check<\/span><\/button><\/div><\/form><\/div><\/div>\n<p>&nbsp;<\/p>\n<p>[\/vc_column_text][\/vc_column][\/vc_row]<\/p>\n<\/div>","protected":false},"excerpt":{"rendered":"<p>[vc_row][vc_column][vc_column_text] &nbsp; [\/vc_column_text][\/vc_column][\/vc_row]<\/p>\n","protected":false},"author":1,"featured_media":0,"parent":0,"menu_order":0,"comment_status":"closed","ping_status":"closed","template":"","meta":{"footnotes":""},"class_list":["post-3739","page","type-page","status-publish","hentry"],"yoast_head":"<!-- This site is optimized with the Yoast SEO plugin v22.8 - https:\/\/yoast.com\/wordpress\/plugins\/seo\/ -->\n<title>- Affordable car rental Alicante Spain C4Rent<\/title>\n<meta name=\"description\" content=\"Wypo\u017cyczalnia samochod\u00f3w w Alicante \u2013 szybka rezerwacja online, pe\u0142ne ubezpieczenie w cenie wynajmu. Sprawd\u017a nasz\u0105 ofert\u0119!\" \/>\n<meta name=\"robots\" content=\"index, follow, max-snippet:-1, max-image-preview:large, max-video-preview:-1\" \/>\n<link rel=\"canonical\" href=\"https:\/\/c4rent.es\/en\/3739-2\/\" \/>\n<meta property=\"og:locale\" content=\"en_US\" \/>\n<meta property=\"og:type\" content=\"article\" \/>\n<meta property=\"og:title\" content=\"- Affordable car rental Alicante Spain C4Rent\" \/>\n<meta property=\"og:description\" content=\"Wypo\u017cyczalnia samochod\u00f3w w Alicante \u2013 szybka rezerwacja online, pe\u0142ne ubezpieczenie w cenie wynajmu. Sprawd\u017a nasz\u0105 ofert\u0119!\" \/>\n<meta property=\"og:url\" content=\"https:\/\/c4rent.es\/en\/3739-2\/\" \/>\n<meta property=\"og:site_name\" content=\"Affordable car rental Alicante Spain C4Rent\" \/>\n<meta property=\"article:publisher\" content=\"https:\/\/www.facebook.com\/p\/C4Rent-100075915398497\/\" \/>\n<meta property=\"article:modified_time\" content=\"2025-07-09T09:32:33+00:00\" \/>\n<meta property=\"og:image\" content=\"https:\/\/c4rent.es\/wp-content\/uploads\/2025\/08\/logos-500x281-1.png\" \/>\n\t<meta property=\"og:image:width\" content=\"500\" \/>\n\t<meta property=\"og:image:height\" content=\"281\" \/>\n\t<meta property=\"og:image:type\" content=\"image\/png\" \/>\n<meta name=\"twitter:card\" content=\"summary_large_image\" \/>\n<script type=\"application\/ld+json\" class=\"yoast-schema-graph\">{\"@context\":\"https:\/\/schema.org\",\"@graph\":[{\"@type\":\"WebPage\",\"@id\":\"https:\/\/c4rent.es\/en\/3739-2\/\",\"url\":\"https:\/\/c4rent.es\/en\/3739-2\/\",\"name\":\"- Affordable car rental Alicante Spain C4Rent\",\"isPartOf\":{\"@id\":\"https:\/\/c4rent.es\/en\/#website\"},\"datePublished\":\"2025-07-08T17:29:32+00:00\",\"dateModified\":\"2025-07-09T09:32:33+00:00\",\"description\":\"Wypo\u017cyczalnia samochod\u00f3w w Alicante \u2013 szybka rezerwacja online, pe\u0142ne ubezpieczenie w cenie wynajmu. Sprawd\u017a nasz\u0105 ofert\u0119!\",\"inLanguage\":\"en-US\",\"potentialAction\":[{\"@type\":\"ReadAction\",\"target\":[\"https:\/\/c4rent.es\/en\/3739-2\/\"]}]},{\"@type\":\"WebSite\",\"@id\":\"https:\/\/c4rent.es\/en\/#website\",\"url\":\"https:\/\/c4rent.es\/en\/\",\"name\":\"Wynajem samochodu Alicante.\",\"description\":\"Best car rental services in Alicante (Costa Blanca, Spain)\",\"publisher\":{\"@id\":\"https:\/\/c4rent.es\/en\/#organization\"},\"alternateName\":\"Wypo\u017cyczalnia aut Alicante.\",\"potentialAction\":[{\"@type\":\"SearchAction\",\"target\":{\"@type\":\"EntryPoint\",\"urlTemplate\":\"https:\/\/c4rent.es\/en\/?s={search_term_string}\"},\"query-input\":\"required name=search_term_string\"}],\"inLanguage\":\"en-US\"},{\"@type\":\"Organization\",\"@id\":\"https:\/\/c4rent.es\/en\/#organization\",\"name\":\"Tani wynajem samochod\u00f3w Alicante\",\"alternateName\":\"Car rental service in Alicante (Spain , Costa Blanca)\",\"url\":\"https:\/\/c4rent.es\/en\/\",\"logo\":{\"@type\":\"ImageObject\",\"inLanguage\":\"en-US\",\"@id\":\"https:\/\/c4rent.es\/en\/#\/schema\/logo\/image\/\",\"url\":\"https:\/\/c4rent.es\/wp-content\/uploads\/2022\/04\/Car-Rent-Wypozyczalnia-Samochodow-Alicante-BMW-3-Cabrio-Czerwony-250-250.png\",\"contentUrl\":\"https:\/\/c4rent.es\/wp-content\/uploads\/2022\/04\/Car-Rent-Wypozyczalnia-Samochodow-Alicante-BMW-3-Cabrio-Czerwony-250-250.png\",\"width\":250,\"height\":250,\"caption\":\"Tani wynajem samochod\u00f3w Alicante\"},\"image\":{\"@id\":\"https:\/\/c4rent.es\/en\/#\/schema\/logo\/image\/\"},\"sameAs\":[\"https:\/\/www.facebook.com\/p\/C4Rent-100075915398497\/\"]}]}<\/script>\n<!-- \/ Yoast SEO plugin. -->","yoast_head_json":{"title":"- Affordable car rental Alicante Spain C4Rent","description":"Wypo\u017cyczalnia samochod\u00f3w w Alicante \u2013 szybka rezerwacja online, pe\u0142ne ubezpieczenie w cenie wynajmu. Sprawd\u017a nasz\u0105 ofert\u0119!","robots":{"index":"index","follow":"follow","max-snippet":"max-snippet:-1","max-image-preview":"max-image-preview:large","max-video-preview":"max-video-preview:-1"},"canonical":"https:\/\/c4rent.es\/en\/3739-2\/","og_locale":"en_US","og_type":"article","og_title":"- Affordable car rental Alicante Spain C4Rent","og_description":"Wypo\u017cyczalnia samochod\u00f3w w Alicante \u2013 szybka rezerwacja online, pe\u0142ne ubezpieczenie w cenie wynajmu. Sprawd\u017a nasz\u0105 ofert\u0119!","og_url":"https:\/\/c4rent.es\/en\/3739-2\/","og_site_name":"Affordable car rental Alicante Spain C4Rent","article_publisher":"https:\/\/www.facebook.com\/p\/C4Rent-100075915398497\/","article_modified_time":"2025-07-09T09:32:33+00:00","og_image":[{"width":500,"height":281,"url":"https:\/\/c4rent.es\/wp-content\/uploads\/2025\/08\/logos-500x281-1.png","type":"image\/png"}],"twitter_card":"summary_large_image","schema":{"@context":"https:\/\/schema.org","@graph":[{"@type":"WebPage","@id":"https:\/\/c4rent.es\/en\/3739-2\/","url":"https:\/\/c4rent.es\/en\/3739-2\/","name":"- Affordable car rental Alicante Spain C4Rent","isPartOf":{"@id":"https:\/\/c4rent.es\/en\/#website"},"datePublished":"2025-07-08T17:29:32+00:00","dateModified":"2025-07-09T09:32:33+00:00","description":"Wypo\u017cyczalnia samochod\u00f3w w Alicante \u2013 szybka rezerwacja online, pe\u0142ne ubezpieczenie w cenie wynajmu. Sprawd\u017a nasz\u0105 ofert\u0119!","inLanguage":"en-US","potentialAction":[{"@type":"ReadAction","target":["https:\/\/c4rent.es\/en\/3739-2\/"]}]},{"@type":"WebSite","@id":"https:\/\/c4rent.es\/en\/#website","url":"https:\/\/c4rent.es\/en\/","name":"Wynajem samochodu Alicante.","description":"Best car rental services in Alicante (Costa Blanca, Spain)","publisher":{"@id":"https:\/\/c4rent.es\/en\/#organization"},"alternateName":"Wypo\u017cyczalnia aut Alicante.","potentialAction":[{"@type":"SearchAction","target":{"@type":"EntryPoint","urlTemplate":"https:\/\/c4rent.es\/en\/?s={search_term_string}"},"query-input":"required name=search_term_string"}],"inLanguage":"en-US"},{"@type":"Organization","@id":"https:\/\/c4rent.es\/en\/#organization","name":"Tani wynajem samochod\u00f3w Alicante","alternateName":"Car rental service in Alicante (Spain , Costa Blanca)","url":"https:\/\/c4rent.es\/en\/","logo":{"@type":"ImageObject","inLanguage":"en-US","@id":"https:\/\/c4rent.es\/en\/#\/schema\/logo\/image\/","url":"https:\/\/c4rent.es\/wp-content\/uploads\/2022\/04\/Car-Rent-Wypozyczalnia-Samochodow-Alicante-BMW-3-Cabrio-Czerwony-250-250.png","contentUrl":"https:\/\/c4rent.es\/wp-content\/uploads\/2022\/04\/Car-Rent-Wypozyczalnia-Samochodow-Alicante-BMW-3-Cabrio-Czerwony-250-250.png","width":250,"height":250,"caption":"Tani wynajem samochod\u00f3w Alicante"},"image":{"@id":"https:\/\/c4rent.es\/en\/#\/schema\/logo\/image\/"},"sameAs":["https:\/\/www.facebook.com\/p\/C4Rent-100075915398497\/"]}]}},"_links":{"self":[{"href":"https:\/\/c4rent.es\/en\/wp-json\/wp\/v2\/pages\/3739","targetHints":{"allow":["GET"]}}],"collection":[{"href":"https:\/\/c4rent.es\/en\/wp-json\/wp\/v2\/pages"}],"about":[{"href":"https:\/\/c4rent.es\/en\/wp-json\/wp\/v2\/types\/page"}],"author":[{"embeddable":true,"href":"https:\/\/c4rent.es\/en\/wp-json\/wp\/v2\/users\/1"}],"replies":[{"embeddable":true,"href":"https:\/\/c4rent.es\/en\/wp-json\/wp\/v2\/comments?post=3739"}],"version-history":[{"count":1,"href":"https:\/\/c4rent.es\/en\/wp-json\/wp\/v2\/pages\/3739\/revisions"}],"predecessor-version":[{"id":3740,"href":"https:\/\/c4rent.es\/en\/wp-json\/wp\/v2\/pages\/3739\/revisions\/3740"}],"wp:attachment":[{"href":"https:\/\/c4rent.es\/en\/wp-json\/wp\/v2\/media?parent=3739"}],"curies":[{"name":"wp","href":"https:\/\/api.w.org\/{rel}","templated":true}]}}