{"id":3576,"date":"2023-07-02T01:30:58","date_gmt":"2023-07-01T23:30:58","guid":{"rendered":"https:\/\/c4rent.online\/?page_id=3576"},"modified":"2023-07-02T01:36:12","modified_gmt":"2023-07-01T23:36:12","slug":"zarezerwuj-auto","status":"publish","type":"page","link":"https:\/\/c4rent.es\/pl\/zarezerwuj-auto\/","title":{"rendered":"Zarezerwuj auto"},"content":{"rendered":"<div class=\"wpb-content-wrapper\"><p>[vc_row][vc_column]<div id=\"search481279\">\t<div class=\"row search_form_row step1 list\" id=\"search_form\">\r\n\t\t<form id=\"formElem\" name=\"formElem\" action=\"\" method=\"post\">\r\n\t\t\t<div class=\"col-xs-12 col-md-10\">\r\n\t\t\t\t<div class=\"row\">\r\n\t\t\t\t\t<div class=\"col-xs-12 col-sm-6\">\r\n\t\t\t\t\t\t<span class=\"form_title\">Miejsce odbioru pojazdu<\/span>\r\n\t\t\t\t\t\t\t\t\t\t\t\t\t\t\t\t\t\t\t\t\t<select name=\"pickup_location_id\" class=\"form-control pickup-location home-select\">\r\n\t\t\t\t\t\t\t\t\t<option value=\"0\" selected=\"selected\">Odbi\u00f3r: miasto \/ lotnisko:<\/option><option value=\"7\">1. Alicante Airport<\/option><option value=\"8\">2. Alicante<\/option><option value=\"9\">3. Torrevieja<\/option><option value=\"10\">4. Benidorm<\/option><option value=\"15\">5. Tw\u00f3j preferowany adres<\/option>\t\t\t\t\t\t\t\t<\/select>\r\n\t\t\t\t\t\t\t\t\t\t\t\t\t\t\t\t\t\t\t\t\t\t\t\t\t\t<div class=\"row\">\r\n\t\t\t\t\t\t\t\t<div class=\"col-xs-7 col-sm-8 date top_margin\">\r\n\t\t\t\t\t\t\t\t\t\t\t\t\t\t\t\t\t\t\t<input type=\"text\" name=\"pickup_date\"\r\n\t\t\t\t\t\t\t\t\t\t\t   value=\"Data:\"\r\n\t\t\t\t\t\t\t\t\t\t\t   placeholder=\"Data:\"\r\n\t\t\t\t\t\t\t\t\t\t\t   class=\"pickup-date\"\r\n\t\t\t\t\t\t\t\t\t\t\t   readonly=\"readonly\" AUTOCOMPLETE=\"off\"\/>\r\n\t\t\t\t\t\t\t\t\t\t\t\t\t\t\t\t\t<\/div>\r\n\t\t\t\t\t\t\t\t<div class=\"col-xs-5 col-sm-4 time top_margin\">\r\n\t\t\t\t\t\t\t\t\t\t\t\t\t\t\t\t\t\t\t<select class=\"hidden\" id=\"pickup_time_select\">\r\n\t\t\t\t\t\t\t\t\t\t\t<option value=\"00:00:00\">00:00<\/option><option value=\"00:30:00\">00:30<\/option><option value=\"01:00:00\">01:00<\/option><option value=\"01:30:00\">01:30<\/option><option value=\"02:00:00\">02:00<\/option><option value=\"02:30:00\">02:30<\/option><option value=\"03:00:00\">03:00<\/option><option value=\"03:30:00\">03:30<\/option><option value=\"04:00:00\">04:00<\/option><option value=\"04:30:00\">04:30<\/option><option value=\"05:00:00\">05:00<\/option><option value=\"05:30:00\">05:30<\/option><option value=\"06:00:00\">06:00<\/option><option value=\"06:30:00\">06:30<\/option><option value=\"07:00:00\">07:00<\/option><option value=\"07:30:00\">07:30<\/option><option value=\"08:00:00\">08:00<\/option><option value=\"08:30:00\">08:30<\/option><option value=\"09:00:00\">09:00<\/option><option value=\"09:30:00\">09:30<\/option><option value=\"10:00:00\">10:00<\/option><option value=\"10:30:00\">10:30<\/option><option value=\"11:00:00\">11:00<\/option><option value=\"11:30:00\">11:30<\/option><option value=\"12:00:00\" selected=\"selected\">12:00<\/option><option value=\"12:30:00\">12:30<\/option><option value=\"13:00:00\">13:00<\/option><option value=\"13:30:00\">13:30<\/option><option value=\"14:00:00\">14:00<\/option><option value=\"14:30:00\">14:30<\/option><option value=\"15:00:00\">15:00<\/option><option value=\"15:30:00\">15:30<\/option><option value=\"16:00:00\">16:00<\/option><option value=\"16:30:00\">16:30<\/option><option value=\"17:00:00\">17:00<\/option><option value=\"17:30:00\">17:30<\/option><option value=\"18:00:00\">18:00<\/option><option value=\"18:30:00\">18:30<\/option><option value=\"19:00:00\">19:00<\/option><option value=\"19:30:00\">19:30<\/option><option value=\"20:00:00\">20:00<\/option><option value=\"20:30:00\">20:30<\/option><option value=\"21:00:00\">21:00<\/option><option value=\"21:30:00\">21:30<\/option><option value=\"22:00:00\">22:00<\/option><option value=\"22:30:00\">22:30<\/option><option value=\"23:00:00\">23:00<\/option><option value=\"23:30:00\">23:30<\/option>\t\t\t\t\t\t\t\t\t\t<\/select>\r\n\t\t\t\t\t\t\t\t\t\t<input type=\"text\" class=\"pickup-time\" readonly>\r\n\t\t\t\t\t\t\t\t\t\t<input type=\"hidden\" name=\"pickup_time\" id=\"pickup_time\" value=\"\">\r\n\t\t\t\t\t\t\t\t\t\t\t\t\t\t\t\t\t<\/div>\r\n\t\t\t\t\t\t\t<\/div>\r\n\t\t\t\t\t\t\t\t\t\t\t<\/div>\r\n\t\t\t\t\t<div class=\"col-xs-12 col-sm-6\">\r\n\t\t\t\t\t\t<span class=\"form_title fix_margin\">Miejsce zwrotu pojazdu<\/span>\r\n\t\t\t\t\t\t\t\t\t\t\t\t\t\t\t\t\t\t\t\t\t<select name=\"return_location_id\" class=\"form-control return-location home-select\">\r\n\t\t\t\t\t\t\t\t\t<option value=\"0\" selected=\"selected\">Zwrot: miasto \/ lotnisko:<\/option><option value=\"7\">1. Alicante Airport<\/option><option value=\"8\">2. Alicante<\/option><option value=\"9\">3. Torrevieja<\/option><option value=\"10\">4. Benidorm<\/option><option value=\"15\">5. Tw\u00f3j preferowany adres<\/option>\t\t\t\t\t\t\t\t<\/select>\r\n\t\t\t\t\t\t\t\t\t\t\t\t\t\t\t\t\t\t<\/div>\r\n\t\t\t\t\t\t\t\t\t\t\t<div class=\"col-xs-12 col-sm-6\">\r\n\t\t\t\t\t\t\t<div class=\"row\">\r\n\t\t\t\t\t\t\t\t\t\t\t\t\t\t\t\t\t<div class=\"col-xs-7 col-sm-8 date top_margin\">\r\n\t\t\t\t\t\t\t\t\t\t\t\t\t\t\t\t\t\t\t\t\t<input type=\"text\" name=\"return_date\" class=\"return-date\"\r\n\t\t\t\t\t\t\t\t\t\t\t\t   value=\"Data:\"\r\n\t\t\t\t\t\t\t\t\t\t\t\t   placeholder=\"Data:\"\r\n\t\t\t\t\t\t\t\t\t\t\t\t   readonly=\"readonly\" AUTOCOMPLETE=\"off\"\/>\r\n\t\t\t\t\t\t\t\t\t\t\t\t\t\t\t\t\t\t\t<\/div>\r\n\t\t\t\t\t\t\t\t\t<div class=\"col-xs-5 col-sm-4 time top_margin\">\r\n\t\t\t\t\t\t\t\t\t\t\t\t\t\t\t\t\t\t\t\t\t<select class=\"hidden\" id=\"return_time_select\">\r\n\t\t\t\t\t\t\t\t\t\t\t\t<option value=\"00:00:00\">00:00<\/option><option value=\"00:30:00\">00:30<\/option><option value=\"01:00:00\">01:00<\/option><option value=\"01:30:00\">01:30<\/option><option value=\"02:00:00\">02:00<\/option><option value=\"02:30:00\">02:30<\/option><option value=\"03:00:00\">03:00<\/option><option value=\"03:30:00\">03:30<\/option><option value=\"04:00:00\">04:00<\/option><option value=\"04:30:00\">04:30<\/option><option value=\"05:00:00\">05:00<\/option><option value=\"05:30:00\">05:30<\/option><option value=\"06:00:00\">06:00<\/option><option value=\"06:30:00\">06:30<\/option><option value=\"07:00:00\">07:00<\/option><option value=\"07:30:00\">07:30<\/option><option value=\"08:00:00\">08:00<\/option><option value=\"08:30:00\">08:30<\/option><option value=\"09:00:00\">09:00<\/option><option value=\"09:30:00\">09:30<\/option><option value=\"10:00:00\">10:00<\/option><option value=\"10:30:00\">10:30<\/option><option value=\"11:00:00\">11:00<\/option><option value=\"11:30:00\">11:30<\/option><option value=\"12:00:00\" selected=\"selected\">12:00<\/option><option value=\"12:30:00\">12:30<\/option><option value=\"13:00:00\">13:00<\/option><option value=\"13:30:00\">13:30<\/option><option value=\"14:00:00\">14:00<\/option><option value=\"14:30:00\">14:30<\/option><option value=\"15:00:00\">15:00<\/option><option value=\"15:30:00\">15:30<\/option><option value=\"16:00:00\">16:00<\/option><option value=\"16:30:00\">16:30<\/option><option value=\"17:00:00\">17:00<\/option><option value=\"17:30:00\">17:30<\/option><option value=\"18:00:00\">18:00<\/option><option value=\"18:30:00\">18:30<\/option><option value=\"19:00:00\">19:00<\/option><option value=\"19:30:00\">19:30<\/option><option value=\"20:00:00\">20:00<\/option><option value=\"20:30:00\">20:30<\/option><option value=\"21:00:00\">21:00<\/option><option value=\"21:30:00\">21:30<\/option><option value=\"22:00:00\">22:00<\/option><option value=\"22:30:00\">22:30<\/option><option value=\"23:00:00\">23:00<\/option><option value=\"23:30:00\">23:30<\/option>\t\t\t\t\t\t\t\t\t\t\t<\/select>\r\n\t\t\t\t\t\t\t\t\t\t\t<input type=\"text\" class=\"return-time\" readonly>\r\n\t\t\t\t\t\t\t\t\t\t\t<input type=\"hidden\" name=\"return_time\" id=\"return_time\" value=\"\">\r\n\t\t\t\t\t\t\t\t\t\t\t\t\t\t\t\t\t\t\t<\/div>\r\n\t\t\t\t\t\t\t\t\t\t\t\t\t\t\t<\/div>\r\n\t\t\t\t\t\t<\/div>\r\n\t\t\t\t\t\t\t\t\t\t<div class=\"col-xs-12\">\r\n\t\t\t\t\t\t<div class=\"row\">\r\n\t\t\t\t\t\t\t\t\t\t\t\t\t\t\t\t\t\t\t\t\t<div class=\"col-xxs-12 col-xs-6 col-sm-3 hidden-md hidden-lg float_right\">\r\n\t\t\t\t\t\t\t\t<input type=\"hidden\" name=\"car_rental_came_from_step1\" value=\"yes\"\/>\r\n\t\t\t\t\t\t\t\t\t\t\t\t\t\t\t\t\t\t\t\t\t\t\t\t\t\t\t<input type=\"submit\" name=\"car_rental_do_search\"\r\n\t\t\t\t\t\t\t\t\t\t\t   value=\"Szukaj\"\r\n\t\t\t\t\t\t\t\t\t\t\t   class=\"car-rental-do-search\"\/>\r\n\t\t\t\t\t\t\t\t\t\t\t\t\t\t\t\t\t\t\t\t\t\t\t\t<\/div>\r\n\t\t\t\t\t\t<\/div>\r\n\t\t\t\t\t<\/div>\r\n\t\t\t\t<\/div>\r\n\t\t\t<\/div>\r\n\t\t\t<div class=\"hidden-xs hidden-sm col-md-2 crs-form-submit\">\r\n\t\t\t\t\t\t\t\t\t\t\t\t\t\t\t<button type=\"submit\" name=\"car_rental_do_search\"\r\n\t\t\t\t\t\t\t\tclass=\"car-rental-do-search\">Szukaj<\/button>\r\n\t\t\t\t\t\t\t\t\t\t\t\t<\/div>\r\n\t\t<\/form>\r\n\t<\/div>\r\n<\/div>[\/vc_column][\/vc_row]<\/p>\n<\/div>","protected":false},"excerpt":{"rendered":"<p>[vc_row][vc_column][\/vc_column][\/vc_row]<\/p>\n","protected":false},"author":1,"featured_media":0,"parent":0,"menu_order":0,"comment_status":"closed","ping_status":"closed","template":"","meta":{"footnotes":""},"class_list":["post-3576","page","type-page","status-publish","hentry"],"yoast_head":"<!-- This site is optimized with the Yoast SEO plugin v22.8 - https:\/\/yoast.com\/wordpress\/plugins\/seo\/ -->\n<title>Zarezerwuj auto - Wynajem samochodu Alicante<\/title>\n<meta name=\"description\" content=\"Wypo\u017cyczalnia samochod\u00f3w w Alicante \u2013 szybka rezerwacja online, pe\u0142ne ubezpieczenie w cenie wynajmu. Sprawd\u017a nasz\u0105 ofert\u0119!\" \/>\n<meta name=\"robots\" content=\"index, follow, max-snippet:-1, max-image-preview:large, max-video-preview:-1\" \/>\n<link rel=\"canonical\" href=\"https:\/\/c4rent.es\/pl\/zarezerwuj-auto\/\" \/>\n<meta property=\"og:locale\" content=\"pl_PL\" \/>\n<meta property=\"og:type\" content=\"article\" \/>\n<meta property=\"og:title\" content=\"Zarezerwuj auto - Wynajem samochodu Alicante\" \/>\n<meta property=\"og:description\" content=\"Wypo\u017cyczalnia samochod\u00f3w w Alicante \u2013 szybka rezerwacja online, pe\u0142ne ubezpieczenie w cenie wynajmu. Sprawd\u017a nasz\u0105 ofert\u0119!\" \/>\n<meta property=\"og:url\" content=\"https:\/\/c4rent.es\/pl\/zarezerwuj-auto\/\" \/>\n<meta property=\"og:site_name\" content=\"Wynajem samochodu Alicante\" \/>\n<meta property=\"article:publisher\" content=\"https:\/\/www.facebook.com\/p\/C4Rent-100075915398497\/\" \/>\n<meta property=\"article:modified_time\" content=\"2023-07-01T23:36:12+00:00\" \/>\n<meta property=\"og:image\" content=\"https:\/\/c4rent.es\/wp-content\/uploads\/2025\/08\/logos-500x281-1.png\" \/>\n\t<meta property=\"og:image:width\" content=\"500\" \/>\n\t<meta property=\"og:image:height\" content=\"281\" \/>\n\t<meta property=\"og:image:type\" content=\"image\/png\" \/>\n<meta name=\"twitter:card\" content=\"summary_large_image\" \/>\n<meta name=\"twitter:label1\" content=\"Szacowany czas czytania\" \/>\n\t<meta name=\"twitter:data1\" content=\"1 minuta\" \/>\n<script type=\"application\/ld+json\" class=\"yoast-schema-graph\">{\"@context\":\"https:\/\/schema.org\",\"@graph\":[{\"@type\":\"WebPage\",\"@id\":\"https:\/\/c4rent.es\/pl\/zarezerwuj-auto\/\",\"url\":\"https:\/\/c4rent.es\/pl\/zarezerwuj-auto\/\",\"name\":\"Zarezerwuj auto - Wynajem samochodu Alicante\",\"isPartOf\":{\"@id\":\"https:\/\/c4rent.es\/pl\/#website\"},\"datePublished\":\"2023-07-01T23:30:58+00:00\",\"dateModified\":\"2023-07-01T23:36:12+00:00\",\"description\":\"Wypo\u017cyczalnia samochod\u00f3w w Alicante \u2013 szybka rezerwacja online, pe\u0142ne ubezpieczenie w cenie wynajmu. Sprawd\u017a nasz\u0105 ofert\u0119!\",\"breadcrumb\":{\"@id\":\"https:\/\/c4rent.es\/pl\/zarezerwuj-auto\/#breadcrumb\"},\"inLanguage\":\"pl-PL\",\"potentialAction\":[{\"@type\":\"ReadAction\",\"target\":[\"https:\/\/c4rent.es\/pl\/zarezerwuj-auto\/\"]}]},{\"@type\":\"BreadcrumbList\",\"@id\":\"https:\/\/c4rent.es\/pl\/zarezerwuj-auto\/#breadcrumb\",\"itemListElement\":[{\"@type\":\"ListItem\",\"position\":1,\"name\":\"Strona g\u0142\u00f3wna\",\"item\":\"https:\/\/c4rent.es\/pl\/\"},{\"@type\":\"ListItem\",\"position\":2,\"name\":\"Zarezerwuj auto\"}]},{\"@type\":\"WebSite\",\"@id\":\"https:\/\/c4rent.es\/pl\/#website\",\"url\":\"https:\/\/c4rent.es\/pl\/\",\"name\":\"Wynajem samochodu Alicante.\",\"description\":\"Best car rental services in Alicante (Costa Blanca, Spain)\",\"publisher\":{\"@id\":\"https:\/\/c4rent.es\/pl\/#organization\"},\"alternateName\":\"Wypo\u017cyczalnia aut Alicante.\",\"potentialAction\":[{\"@type\":\"SearchAction\",\"target\":{\"@type\":\"EntryPoint\",\"urlTemplate\":\"https:\/\/c4rent.es\/pl\/?s={search_term_string}\"},\"query-input\":\"required name=search_term_string\"}],\"inLanguage\":\"pl-PL\"},{\"@type\":\"Organization\",\"@id\":\"https:\/\/c4rent.es\/pl\/#organization\",\"name\":\"Tani wynajem samochod\u00f3w Alicante\",\"alternateName\":\"Car rental service in Alicante (Spain , Costa Blanca)\",\"url\":\"https:\/\/c4rent.es\/pl\/\",\"logo\":{\"@type\":\"ImageObject\",\"inLanguage\":\"pl-PL\",\"@id\":\"https:\/\/c4rent.es\/pl\/#\/schema\/logo\/image\/\",\"url\":\"https:\/\/c4rent.es\/wp-content\/uploads\/2022\/04\/Car-Rent-Wypozyczalnia-Samochodow-Alicante-BMW-3-Cabrio-Czerwony-250-250.png\",\"contentUrl\":\"https:\/\/c4rent.es\/wp-content\/uploads\/2022\/04\/Car-Rent-Wypozyczalnia-Samochodow-Alicante-BMW-3-Cabrio-Czerwony-250-250.png\",\"width\":250,\"height\":250,\"caption\":\"Tani wynajem samochod\u00f3w Alicante\"},\"image\":{\"@id\":\"https:\/\/c4rent.es\/pl\/#\/schema\/logo\/image\/\"},\"sameAs\":[\"https:\/\/www.facebook.com\/p\/C4Rent-100075915398497\/\"]}]}<\/script>\n<!-- \/ Yoast SEO plugin. -->","yoast_head_json":{"title":"Zarezerwuj auto - Wynajem samochodu Alicante","description":"Wypo\u017cyczalnia samochod\u00f3w w Alicante \u2013 szybka rezerwacja online, pe\u0142ne ubezpieczenie w cenie wynajmu. Sprawd\u017a nasz\u0105 ofert\u0119!","robots":{"index":"index","follow":"follow","max-snippet":"max-snippet:-1","max-image-preview":"max-image-preview:large","max-video-preview":"max-video-preview:-1"},"canonical":"https:\/\/c4rent.es\/pl\/zarezerwuj-auto\/","og_locale":"pl_PL","og_type":"article","og_title":"Zarezerwuj auto - Wynajem samochodu Alicante","og_description":"Wypo\u017cyczalnia samochod\u00f3w w Alicante \u2013 szybka rezerwacja online, pe\u0142ne ubezpieczenie w cenie wynajmu. Sprawd\u017a nasz\u0105 ofert\u0119!","og_url":"https:\/\/c4rent.es\/pl\/zarezerwuj-auto\/","og_site_name":"Wynajem samochodu Alicante","article_publisher":"https:\/\/www.facebook.com\/p\/C4Rent-100075915398497\/","article_modified_time":"2023-07-01T23:36:12+00:00","og_image":[{"width":500,"height":281,"url":"https:\/\/c4rent.es\/wp-content\/uploads\/2025\/08\/logos-500x281-1.png","type":"image\/png"}],"twitter_card":"summary_large_image","twitter_misc":{"Szacowany czas czytania":"1 minuta"},"schema":{"@context":"https:\/\/schema.org","@graph":[{"@type":"WebPage","@id":"https:\/\/c4rent.es\/pl\/zarezerwuj-auto\/","url":"https:\/\/c4rent.es\/pl\/zarezerwuj-auto\/","name":"Zarezerwuj auto - Wynajem samochodu Alicante","isPartOf":{"@id":"https:\/\/c4rent.es\/pl\/#website"},"datePublished":"2023-07-01T23:30:58+00:00","dateModified":"2023-07-01T23:36:12+00:00","description":"Wypo\u017cyczalnia samochod\u00f3w w Alicante \u2013 szybka rezerwacja online, pe\u0142ne ubezpieczenie w cenie wynajmu. Sprawd\u017a nasz\u0105 ofert\u0119!","breadcrumb":{"@id":"https:\/\/c4rent.es\/pl\/zarezerwuj-auto\/#breadcrumb"},"inLanguage":"pl-PL","potentialAction":[{"@type":"ReadAction","target":["https:\/\/c4rent.es\/pl\/zarezerwuj-auto\/"]}]},{"@type":"BreadcrumbList","@id":"https:\/\/c4rent.es\/pl\/zarezerwuj-auto\/#breadcrumb","itemListElement":[{"@type":"ListItem","position":1,"name":"Strona g\u0142\u00f3wna","item":"https:\/\/c4rent.es\/pl\/"},{"@type":"ListItem","position":2,"name":"Zarezerwuj auto"}]},{"@type":"WebSite","@id":"https:\/\/c4rent.es\/pl\/#website","url":"https:\/\/c4rent.es\/pl\/","name":"Wynajem samochodu Alicante.","description":"Best car rental services in Alicante (Costa Blanca, Spain)","publisher":{"@id":"https:\/\/c4rent.es\/pl\/#organization"},"alternateName":"Wypo\u017cyczalnia aut Alicante.","potentialAction":[{"@type":"SearchAction","target":{"@type":"EntryPoint","urlTemplate":"https:\/\/c4rent.es\/pl\/?s={search_term_string}"},"query-input":"required name=search_term_string"}],"inLanguage":"pl-PL"},{"@type":"Organization","@id":"https:\/\/c4rent.es\/pl\/#organization","name":"Tani wynajem samochod\u00f3w Alicante","alternateName":"Car rental service in Alicante (Spain , Costa Blanca)","url":"https:\/\/c4rent.es\/pl\/","logo":{"@type":"ImageObject","inLanguage":"pl-PL","@id":"https:\/\/c4rent.es\/pl\/#\/schema\/logo\/image\/","url":"https:\/\/c4rent.es\/wp-content\/uploads\/2022\/04\/Car-Rent-Wypozyczalnia-Samochodow-Alicante-BMW-3-Cabrio-Czerwony-250-250.png","contentUrl":"https:\/\/c4rent.es\/wp-content\/uploads\/2022\/04\/Car-Rent-Wypozyczalnia-Samochodow-Alicante-BMW-3-Cabrio-Czerwony-250-250.png","width":250,"height":250,"caption":"Tani wynajem samochod\u00f3w Alicante"},"image":{"@id":"https:\/\/c4rent.es\/pl\/#\/schema\/logo\/image\/"},"sameAs":["https:\/\/www.facebook.com\/p\/C4Rent-100075915398497\/"]}]}},"_links":{"self":[{"href":"https:\/\/c4rent.es\/pl\/wp-json\/wp\/v2\/pages\/3576","targetHints":{"allow":["GET"]}}],"collection":[{"href":"https:\/\/c4rent.es\/pl\/wp-json\/wp\/v2\/pages"}],"about":[{"href":"https:\/\/c4rent.es\/pl\/wp-json\/wp\/v2\/types\/page"}],"author":[{"embeddable":true,"href":"https:\/\/c4rent.es\/pl\/wp-json\/wp\/v2\/users\/1"}],"replies":[{"embeddable":true,"href":"https:\/\/c4rent.es\/pl\/wp-json\/wp\/v2\/comments?post=3576"}],"version-history":[{"count":3,"href":"https:\/\/c4rent.es\/pl\/wp-json\/wp\/v2\/pages\/3576\/revisions"}],"predecessor-version":[{"id":3580,"href":"https:\/\/c4rent.es\/pl\/wp-json\/wp\/v2\/pages\/3576\/revisions\/3580"}],"wp:attachment":[{"href":"https:\/\/c4rent.es\/pl\/wp-json\/wp\/v2\/media?parent=3576"}],"curies":[{"name":"wp","href":"https:\/\/api.w.org\/{rel}","templated":true}]}}