{"id":3737,"date":"2025-07-08T19:42:42","date_gmt":"2025-07-08T17:42:42","guid":{"rendered":"https:\/\/c4rent.es\/3737-2\/"},"modified":"2025-07-09T11:34:43","modified_gmt":"2025-07-09T09:34:43","slug":"check-reservation","status":"publish","type":"page","link":"https:\/\/c4rent.es\/pl\/check-reservation\/","title":{"rendered":""},"content":{"rendered":"<div class=\"wpb-content-wrapper\"><p>[vc_row][vc_column][vc_column_text]<div class=\"reservation-lookup-container\" id=\"reservationLookupContainer\"><div class=\"reservation-lookup-form\"><h2 class=\"reservation-lookup-title\">Sprawd\u017a swoj\u0105 rezerwacj\u0119<\/h2><form method=\"post\" action=\"\" class=\"reservation-form\" id=\"reservationForm\"><input type=\"hidden\" id=\"reservation_lookup_nonce\" name=\"reservation_lookup_nonce\" value=\"67751edcdd\" \/><input type=\"hidden\" name=\"_wp_http_referer\" value=\"\/pl\/wp-json\/wp\/v2\/pages\/3737\" \/><div class=\"form-group\"><label for=\"reservation_code\" class=\"form-label\">Kod rezerwacji *<\/label><input type=\"text\" id=\"reservation_code\" name=\"reservation_code\" value=\"\" placeholder=\"Wprowad\u017a kod rezerwacji (np. CR123456)\" class=\"form-input\" required autocomplete=\"off\" maxlength=\"25\"><div class=\"form-help\"><small>Wprowad\u017a kod rezerwacji sk\u0142adaj\u0105cy si\u0119 z 3-25 znak\u00f3w (litery i cyfry). Przyk\u0142ad: CR123456, RES789ABC<\/small><\/div><\/div><div class=\"form-actions\"><button type=\"submit\" name=\"reservation_lookup_submit\" class=\"btn btn-primary\" id=\"submitBtn\"><span class=\"btn-text\">Sprawd\u017a<\/span><\/button><\/div><\/form><\/div><\/div><br \/><!-- \/wp:post-content --><\/p>\n<p><!-- wp:paragraph \/--><br \/>[\/vc_column_text][\/vc_column][\/vc_row]<\/p>\n<\/div>","protected":false},"excerpt":{"rendered":"<p>[vc_row][vc_column][vc_column_text] [\/vc_column_text][\/vc_column][\/vc_row]<\/p>\n","protected":false},"author":1,"featured_media":0,"parent":0,"menu_order":0,"comment_status":"closed","ping_status":"closed","template":"","meta":{"footnotes":""},"class_list":["post-3737","page","type-page","status-publish","hentry"],"yoast_head":"<!-- This site is optimized with the Yoast SEO plugin v22.8 - https:\/\/yoast.com\/wordpress\/plugins\/seo\/ -->\n<title>- Wynajem samochodu Alicante<\/title>\n<meta name=\"description\" content=\"Wypo\u017cyczalnia samochod\u00f3w w Alicante \u2013 szybka rezerwacja online, pe\u0142ne ubezpieczenie w cenie wynajmu. Sprawd\u017a nasz\u0105 ofert\u0119!\" \/>\n<meta name=\"robots\" content=\"index, follow, max-snippet:-1, max-image-preview:large, max-video-preview:-1\" \/>\n<link rel=\"canonical\" href=\"https:\/\/c4rent.es\/pl\/check-reservation\/\" \/>\n<meta property=\"og:locale\" content=\"pl_PL\" \/>\n<meta property=\"og:type\" content=\"article\" \/>\n<meta property=\"og:title\" content=\"- Wynajem samochodu Alicante\" \/>\n<meta property=\"og:description\" content=\"Wypo\u017cyczalnia samochod\u00f3w w Alicante \u2013 szybka rezerwacja online, pe\u0142ne ubezpieczenie w cenie wynajmu. Sprawd\u017a nasz\u0105 ofert\u0119!\" \/>\n<meta property=\"og:url\" content=\"https:\/\/c4rent.es\/pl\/check-reservation\/\" \/>\n<meta property=\"og:site_name\" content=\"Wynajem samochodu Alicante\" \/>\n<meta property=\"article:publisher\" content=\"https:\/\/www.facebook.com\/p\/C4Rent-100075915398497\/\" \/>\n<meta property=\"article:modified_time\" content=\"2025-07-09T09:34:43+00:00\" \/>\n<meta property=\"og:image\" content=\"https:\/\/c4rent.es\/wp-content\/uploads\/2025\/08\/logos-500x281-1.png\" \/>\n\t<meta property=\"og:image:width\" content=\"500\" \/>\n\t<meta property=\"og:image:height\" content=\"281\" \/>\n\t<meta property=\"og:image:type\" content=\"image\/png\" \/>\n<meta name=\"twitter:card\" content=\"summary_large_image\" \/>\n<script type=\"application\/ld+json\" class=\"yoast-schema-graph\">{\"@context\":\"https:\/\/schema.org\",\"@graph\":[{\"@type\":\"WebPage\",\"@id\":\"https:\/\/c4rent.es\/pl\/check-reservation\/\",\"url\":\"https:\/\/c4rent.es\/pl\/check-reservation\/\",\"name\":\"- Wynajem samochodu Alicante\",\"isPartOf\":{\"@id\":\"https:\/\/c4rent.es\/pl\/#website\"},\"datePublished\":\"2025-07-08T17:42:42+00:00\",\"dateModified\":\"2025-07-09T09:34:43+00:00\",\"description\":\"Wypo\u017cyczalnia samochod\u00f3w w Alicante \u2013 szybka rezerwacja online, pe\u0142ne ubezpieczenie w cenie wynajmu. Sprawd\u017a nasz\u0105 ofert\u0119!\",\"inLanguage\":\"pl-PL\",\"potentialAction\":[{\"@type\":\"ReadAction\",\"target\":[\"https:\/\/c4rent.es\/pl\/check-reservation\/\"]}]},{\"@type\":\"WebSite\",\"@id\":\"https:\/\/c4rent.es\/pl\/#website\",\"url\":\"https:\/\/c4rent.es\/pl\/\",\"name\":\"Wynajem samochodu Alicante.\",\"description\":\"Best car rental services in Alicante (Costa Blanca, Spain)\",\"publisher\":{\"@id\":\"https:\/\/c4rent.es\/pl\/#organization\"},\"alternateName\":\"Wypo\u017cyczalnia aut Alicante.\",\"potentialAction\":[{\"@type\":\"SearchAction\",\"target\":{\"@type\":\"EntryPoint\",\"urlTemplate\":\"https:\/\/c4rent.es\/pl\/?s={search_term_string}\"},\"query-input\":\"required name=search_term_string\"}],\"inLanguage\":\"pl-PL\"},{\"@type\":\"Organization\",\"@id\":\"https:\/\/c4rent.es\/pl\/#organization\",\"name\":\"Tani wynajem samochod\u00f3w Alicante\",\"alternateName\":\"Car rental service in Alicante (Spain , Costa Blanca)\",\"url\":\"https:\/\/c4rent.es\/pl\/\",\"logo\":{\"@type\":\"ImageObject\",\"inLanguage\":\"pl-PL\",\"@id\":\"https:\/\/c4rent.es\/pl\/#\/schema\/logo\/image\/\",\"url\":\"https:\/\/c4rent.es\/wp-content\/uploads\/2022\/04\/Car-Rent-Wypozyczalnia-Samochodow-Alicante-BMW-3-Cabrio-Czerwony-250-250.png\",\"contentUrl\":\"https:\/\/c4rent.es\/wp-content\/uploads\/2022\/04\/Car-Rent-Wypozyczalnia-Samochodow-Alicante-BMW-3-Cabrio-Czerwony-250-250.png\",\"width\":250,\"height\":250,\"caption\":\"Tani wynajem samochod\u00f3w Alicante\"},\"image\":{\"@id\":\"https:\/\/c4rent.es\/pl\/#\/schema\/logo\/image\/\"},\"sameAs\":[\"https:\/\/www.facebook.com\/p\/C4Rent-100075915398497\/\"]}]}<\/script>\n<!-- \/ Yoast SEO plugin. -->","yoast_head_json":{"title":"- Wynajem samochodu Alicante","description":"Wypo\u017cyczalnia samochod\u00f3w w Alicante \u2013 szybka rezerwacja online, pe\u0142ne ubezpieczenie w cenie wynajmu. Sprawd\u017a nasz\u0105 ofert\u0119!","robots":{"index":"index","follow":"follow","max-snippet":"max-snippet:-1","max-image-preview":"max-image-preview:large","max-video-preview":"max-video-preview:-1"},"canonical":"https:\/\/c4rent.es\/pl\/check-reservation\/","og_locale":"pl_PL","og_type":"article","og_title":"- Wynajem samochodu Alicante","og_description":"Wypo\u017cyczalnia samochod\u00f3w w Alicante \u2013 szybka rezerwacja online, pe\u0142ne ubezpieczenie w cenie wynajmu. Sprawd\u017a nasz\u0105 ofert\u0119!","og_url":"https:\/\/c4rent.es\/pl\/check-reservation\/","og_site_name":"Wynajem samochodu Alicante","article_publisher":"https:\/\/www.facebook.com\/p\/C4Rent-100075915398497\/","article_modified_time":"2025-07-09T09:34:43+00:00","og_image":[{"width":500,"height":281,"url":"https:\/\/c4rent.es\/wp-content\/uploads\/2025\/08\/logos-500x281-1.png","type":"image\/png"}],"twitter_card":"summary_large_image","schema":{"@context":"https:\/\/schema.org","@graph":[{"@type":"WebPage","@id":"https:\/\/c4rent.es\/pl\/check-reservation\/","url":"https:\/\/c4rent.es\/pl\/check-reservation\/","name":"- Wynajem samochodu Alicante","isPartOf":{"@id":"https:\/\/c4rent.es\/pl\/#website"},"datePublished":"2025-07-08T17:42:42+00:00","dateModified":"2025-07-09T09:34:43+00:00","description":"Wypo\u017cyczalnia samochod\u00f3w w Alicante \u2013 szybka rezerwacja online, pe\u0142ne ubezpieczenie w cenie wynajmu. Sprawd\u017a nasz\u0105 ofert\u0119!","inLanguage":"pl-PL","potentialAction":[{"@type":"ReadAction","target":["https:\/\/c4rent.es\/pl\/check-reservation\/"]}]},{"@type":"WebSite","@id":"https:\/\/c4rent.es\/pl\/#website","url":"https:\/\/c4rent.es\/pl\/","name":"Wynajem samochodu Alicante.","description":"Best car rental services in Alicante (Costa Blanca, Spain)","publisher":{"@id":"https:\/\/c4rent.es\/pl\/#organization"},"alternateName":"Wypo\u017cyczalnia aut Alicante.","potentialAction":[{"@type":"SearchAction","target":{"@type":"EntryPoint","urlTemplate":"https:\/\/c4rent.es\/pl\/?s={search_term_string}"},"query-input":"required name=search_term_string"}],"inLanguage":"pl-PL"},{"@type":"Organization","@id":"https:\/\/c4rent.es\/pl\/#organization","name":"Tani wynajem samochod\u00f3w Alicante","alternateName":"Car rental service in Alicante (Spain , Costa Blanca)","url":"https:\/\/c4rent.es\/pl\/","logo":{"@type":"ImageObject","inLanguage":"pl-PL","@id":"https:\/\/c4rent.es\/pl\/#\/schema\/logo\/image\/","url":"https:\/\/c4rent.es\/wp-content\/uploads\/2022\/04\/Car-Rent-Wypozyczalnia-Samochodow-Alicante-BMW-3-Cabrio-Czerwony-250-250.png","contentUrl":"https:\/\/c4rent.es\/wp-content\/uploads\/2022\/04\/Car-Rent-Wypozyczalnia-Samochodow-Alicante-BMW-3-Cabrio-Czerwony-250-250.png","width":250,"height":250,"caption":"Tani wynajem samochod\u00f3w Alicante"},"image":{"@id":"https:\/\/c4rent.es\/pl\/#\/schema\/logo\/image\/"},"sameAs":["https:\/\/www.facebook.com\/p\/C4Rent-100075915398497\/"]}]}},"_links":{"self":[{"href":"https:\/\/c4rent.es\/pl\/wp-json\/wp\/v2\/pages\/3737","targetHints":{"allow":["GET"]}}],"collection":[{"href":"https:\/\/c4rent.es\/pl\/wp-json\/wp\/v2\/pages"}],"about":[{"href":"https:\/\/c4rent.es\/pl\/wp-json\/wp\/v2\/types\/page"}],"author":[{"embeddable":true,"href":"https:\/\/c4rent.es\/pl\/wp-json\/wp\/v2\/users\/1"}],"replies":[{"embeddable":true,"href":"https:\/\/c4rent.es\/pl\/wp-json\/wp\/v2\/comments?post=3737"}],"version-history":[{"count":1,"href":"https:\/\/c4rent.es\/pl\/wp-json\/wp\/v2\/pages\/3737\/revisions"}],"predecessor-version":[{"id":3738,"href":"https:\/\/c4rent.es\/pl\/wp-json\/wp\/v2\/pages\/3737\/revisions\/3738"}],"wp:attachment":[{"href":"https:\/\/c4rent.es\/pl\/wp-json\/wp\/v2\/media?parent=3737"}],"curies":[{"name":"wp","href":"https:\/\/api.w.org\/{rel}","templated":true}]}}