{"id":563,"date":"2017-08-19T04:14:17","date_gmt":"2017-08-19T02:14:17","guid":{"rendered":"http:\/\/grupored.inteligencia-web.com\/?page_id=563"},"modified":"2022-07-25T17:41:53","modified_gmt":"2022-07-25T15:41:53","slug":"faq","status":"publish","type":"page","link":"https:\/\/c4rent.es\/pl\/faq\/","title":{"rendered":"FAQ"},"content":{"rendered":"<div class=\"wpb-content-wrapper\"><p>[vc_row][vc_column width=&#8221;1\/6&#8243;][\/vc_column][vc_column width=&#8221;2\/3&#8243;]<div class=\"fancy-title align_center\"><h2 class=\"vc_underline_title vc_title\">Najcz\u0119\u015bciej zadawane pytania<\/h2><div class=\"vc_underline secondary_color_background\"><\/div><\/div>[vc_toggle title=&#8221;Czy pojazdy s\u0105 ubezpieczone?&#8221; style=&#8221;arrow&#8221; size=&#8221;lg&#8221; el_id=&#8221;1503108365184-6651c676-ed6b&#8221;]Tak, wszystkie nasze pojazdy posiadaj\u0105 obowi\u0105zkowe ubezpieczenia OC i CASCO.[\/vc_toggle][vc_toggle title=&#8221;Jakie s\u0105 formy p\u0142atno\u015bci za us\u0142ugi wynajmu samochod\u00f3w?&#8221; style=&#8221;arrow&#8221; el_id=&#8221;1503108436210-880cdb63-6785&#8243;]Mo\u017cesz zap\u0142aci\u0107 got\u00f3wk\u0105, Paypalem lub kart\u0105 p\u0142atnicz\u0105.[\/vc_toggle][vc_toggle title=&#8221;Jak wynaj\u0105\u0107 samoch\u00f3d?&#8221; style=&#8221;arrow&#8221; el_id=&#8221;1503108588928-b0e0c6e4-4e6a&#8221;]Mo\u017cesz wynaj\u0105\u0107 samoch\u00f3d, klikaj\u0105c przycisk Home w menu lub dzwoni\u0105c pod numer +34 641 797 880. Je\u015bli zdecydujesz si\u0119 zarezerwowa\u0107 samoch\u00f3d online, skontaktujemy si\u0119 z Tob\u0105 w celu potwierdzenia rezerwacji drog\u0105 elektroniczn\u0105.[\/vc_toggle][vc_toggle title=&#8221;Czy mog\u0119 zmieni\u0107 samoch\u00f3d po dokonaniu rezerwacji?&#8221; style=&#8221;arrow&#8221; el_id=&#8221;1503108650445-c76d15ae-321e&#8221;]Tak. Je\u015bli chcesz zmieni\u0107 lub anulowa\u0107 rezerwacj\u0119 samochodu po jej zatwierdzeniu, zadzwo\u0144 pod numer +34 641 797 880 lub skontaktuj si\u0119 z nami za pomoc\u0105 formularza kontaktowego w zak\u0142adce Kontakty.[\/vc_toggle][vc_toggle title=&#8221;Sk\u0105d mog\u0119 wzi\u0105\u0107 samoch\u00f3d i gdzie powinienem go zwr\u00f3ci\u0107?&#8221; style=&#8221;arrow&#8221;]Samoch\u00f3d mo\u017cna odebra\u0107 pod adresem El Altet<br \/>\n. 03195 Alicante. Je\u015bli zarezerwowa\u0142e\u015b samoch\u00f3d na d\u0142u\u017cej ni\u017c trzy dni, mo\u017cemy dostarczy\u0107 samoch\u00f3d w wybrane przez Ciebie miejsce. Samoch\u00f3d musi by\u0107 zwr\u00f3cony w uzgodnionym miejscu w Alicante.[\/vc_toggle][vc_toggle title=&#8221;Co powinienem zrobi\u0107, je\u015bli samoch\u00f3d si\u0119 zepsuje?&#8221; style=&#8221;arrow&#8221;]Je\u015bli Tw\u00f3j samoch\u00f3d si\u0119 zepsuje, zadzwo\u0144 do nas pod numer +34 641 797 880.[\/vc_toggle][vc_toggle title=&#8221;Czy dostarczacie samochody poza okr\u0119g Alicante?&#8221; style=&#8221;arrow&#8221;]Tak, dostarczymy Ci samoch\u00f3d w wybrane przez Ciebie miejsce za dodatkow\u0105 op\u0142at\u0105.[\/vc_toggle][vc_toggle title=&#8221;Kiedy mog\u0119 si\u0119 skontaktowa\u0107?&#8221; style=&#8221;arrow&#8221;]Mo\u017cesz z kontaktowa\u0107 si\u0119 z nami 24\/7 pod numerem telefonu +34 641 797 880.[\/vc_toggle][vc_toggle title=&#8221;Czy w samochodzie s\u0105 jakie\u015b mapy?&#8221; style=&#8221;arrow&#8221;]<\/p>\n<div class=\"vc_toggle vc_toggle_arrow vc_toggle_color_default vc_toggle_size_md vc_toggle_active\">\n<div class=\"vc_toggle_content\">Tak, je\u015bli chcesz, dostarczymy mapy Alicante oraz regionu Alicante za darmo.<\/div>\n<\/div>\n<p>[\/vc_toggle][vc_empty_space][\/vc_column][vc_column width=&#8221;1\/6&#8243;][\/vc_column][\/vc_row]<\/p>\n<\/div>","protected":false},"excerpt":{"rendered":"<p>[vc_row][vc_column width=&#8221;1\/6&#8243;][\/vc_column][vc_column width=&#8221;2\/3&#8243;][vc_toggle title=&#8221;Czy pojazdy s\u0105 ubezpieczone?&#8221; style=&#8221;arrow&#8221; size=&#8221;lg&#8221; el_id=&#8221;1503108365184-6651c676-ed6b&#8221;]Tak, wszystkie nasze pojazdy posiadaj\u0105 obowi\u0105zkowe ubezpieczenia OC i CASCO.[\/vc_toggle][vc_toggle title=&#8221;Jakie s\u0105 formy p\u0142atno\u015bci za us\u0142ugi wynajmu samochod\u00f3w?&#8221; style=&#8221;arrow&#8221; el_id=&#8221;1503108436210-880cdb63-6785&#8243;]Mo\u017cesz zap\u0142aci\u0107 got\u00f3wk\u0105, Paypalem lub kart\u0105 p\u0142atnicz\u0105.[\/vc_toggle][vc_toggle title=&#8221;Jak wynaj\u0105\u0107 samoch\u00f3d?&#8221; style=&#8221;arrow&#8221; el_id=&#8221;1503108588928-b0e0c6e4-4e6a&#8221;]Mo\u017cesz wynaj\u0105\u0107 samoch\u00f3d, klikaj\u0105c przycisk Home w menu lub dzwoni\u0105c pod numer +34 641 797 880. [&hellip;]<\/p>\n","protected":false},"author":1,"featured_media":3550,"parent":0,"menu_order":0,"comment_status":"closed","ping_status":"closed","template":"","meta":{"footnotes":""},"class_list":["post-563","page","type-page","status-publish","has-post-thumbnail","hentry"],"yoast_head":"<!-- This site is optimized with the Yoast SEO plugin v22.8 - https:\/\/yoast.com\/wordpress\/plugins\/seo\/ -->\n<title>FAQ - Wynajem samochodu Alicante<\/title>\n<meta name=\"description\" content=\"Witamy w Alicante Oferujemy samochody na wynajem w najni\u017cszych cenach. Nie jeste\u015b zdecydowany, zadzwo\u0144, pomo\u017cemy ci dokona\u0107 wyboru.\" \/>\n<meta name=\"robots\" content=\"index, follow, max-snippet:-1, max-image-preview:large, max-video-preview:-1\" \/>\n<link rel=\"canonical\" href=\"https:\/\/c4rent.es\/pl\/faq\/\" \/>\n<meta property=\"og:locale\" content=\"pl_PL\" \/>\n<meta property=\"og:type\" content=\"article\" \/>\n<meta property=\"og:title\" content=\"FAQ - Wynajem samochodu Alicante\" \/>\n<meta property=\"og:description\" content=\"Witamy w Alicante Oferujemy samochody na wynajem w najni\u017cszych cenach. Nie jeste\u015b zdecydowany, zadzwo\u0144, pomo\u017cemy ci dokona\u0107 wyboru.\" \/>\n<meta property=\"og:url\" content=\"https:\/\/c4rent.es\/pl\/faq\/\" \/>\n<meta property=\"og:site_name\" content=\"Wynajem samochodu Alicante\" \/>\n<meta property=\"article:publisher\" content=\"https:\/\/www.facebook.com\/p\/C4Rent-100075915398497\/\" \/>\n<meta property=\"article:modified_time\" content=\"2022-07-25T15:41:53+00:00\" \/>\n<meta property=\"og:image\" content=\"https:\/\/c4rent.es\/wp-content\/uploads\/2022\/07\/Wypozyczalnia-Samochodow-Alicante-250-250.jpg\" \/>\n\t<meta property=\"og:image:width\" content=\"250\" \/>\n\t<meta property=\"og:image:height\" content=\"250\" \/>\n\t<meta property=\"og:image:type\" content=\"image\/jpeg\" \/>\n<meta name=\"twitter:card\" content=\"summary_large_image\" \/>\n<meta name=\"twitter:label1\" content=\"Szacowany czas czytania\" \/>\n\t<meta name=\"twitter:data1\" content=\"2 minuty\" \/>\n<script type=\"application\/ld+json\" class=\"yoast-schema-graph\">{\"@context\":\"https:\/\/schema.org\",\"@graph\":[{\"@type\":\"WebPage\",\"@id\":\"https:\/\/c4rent.es\/pl\/faq\/\",\"url\":\"https:\/\/c4rent.es\/pl\/faq\/\",\"name\":\"FAQ - Wynajem samochodu Alicante\",\"isPartOf\":{\"@id\":\"https:\/\/c4rent.es\/pl\/#website\"},\"primaryImageOfPage\":{\"@id\":\"https:\/\/c4rent.es\/pl\/faq\/#primaryimage\"},\"image\":{\"@id\":\"https:\/\/c4rent.es\/pl\/faq\/#primaryimage\"},\"thumbnailUrl\":\"https:\/\/c4rent.es\/wp-content\/uploads\/2022\/07\/Wypozyczalnia-Samochodow-Alicante-250-250.jpg\",\"datePublished\":\"2017-08-19T02:14:17+00:00\",\"dateModified\":\"2022-07-25T15:41:53+00:00\",\"description\":\"Witamy w Alicante Oferujemy samochody na wynajem w najni\u017cszych cenach. Nie jeste\u015b zdecydowany, zadzwo\u0144, pomo\u017cemy ci dokona\u0107 wyboru.\",\"breadcrumb\":{\"@id\":\"https:\/\/c4rent.es\/pl\/faq\/#breadcrumb\"},\"inLanguage\":\"pl-PL\",\"potentialAction\":[{\"@type\":\"ReadAction\",\"target\":[\"https:\/\/c4rent.es\/pl\/faq\/\"]}]},{\"@type\":\"ImageObject\",\"inLanguage\":\"pl-PL\",\"@id\":\"https:\/\/c4rent.es\/pl\/faq\/#primaryimage\",\"url\":\"https:\/\/c4rent.es\/wp-content\/uploads\/2022\/07\/Wypozyczalnia-Samochodow-Alicante-250-250.jpg\",\"contentUrl\":\"https:\/\/c4rent.es\/wp-content\/uploads\/2022\/07\/Wypozyczalnia-Samochodow-Alicante-250-250.jpg\",\"width\":250,\"height\":250,\"caption\":\"Wypo\u017cyczalnia Samochod\u00f3w Alicante Benidorm Torrevieja\"},{\"@type\":\"BreadcrumbList\",\"@id\":\"https:\/\/c4rent.es\/pl\/faq\/#breadcrumb\",\"itemListElement\":[{\"@type\":\"ListItem\",\"position\":1,\"name\":\"Strona g\u0142\u00f3wna\",\"item\":\"https:\/\/c4rent.es\/pl\/\"},{\"@type\":\"ListItem\",\"position\":2,\"name\":\"FAQ\"}]},{\"@type\":\"WebSite\",\"@id\":\"https:\/\/c4rent.es\/pl\/#website\",\"url\":\"https:\/\/c4rent.es\/pl\/\",\"name\":\"Wynajem samochodu Alicante.\",\"description\":\"Best car rental services in Alicante (Costa Blanca, Spain)\",\"publisher\":{\"@id\":\"https:\/\/c4rent.es\/pl\/#organization\"},\"alternateName\":\"Wypo\u017cyczalnia aut Alicante.\",\"potentialAction\":[{\"@type\":\"SearchAction\",\"target\":{\"@type\":\"EntryPoint\",\"urlTemplate\":\"https:\/\/c4rent.es\/pl\/?s={search_term_string}\"},\"query-input\":\"required name=search_term_string\"}],\"inLanguage\":\"pl-PL\"},{\"@type\":\"Organization\",\"@id\":\"https:\/\/c4rent.es\/pl\/#organization\",\"name\":\"Tani wynajem samochod\u00f3w Alicante\",\"alternateName\":\"Car rental service in Alicante (Spain , Costa Blanca)\",\"url\":\"https:\/\/c4rent.es\/pl\/\",\"logo\":{\"@type\":\"ImageObject\",\"inLanguage\":\"pl-PL\",\"@id\":\"https:\/\/c4rent.es\/pl\/#\/schema\/logo\/image\/\",\"url\":\"https:\/\/c4rent.es\/wp-content\/uploads\/2022\/04\/Car-Rent-Wypozyczalnia-Samochodow-Alicante-BMW-3-Cabrio-Czerwony-250-250.png\",\"contentUrl\":\"https:\/\/c4rent.es\/wp-content\/uploads\/2022\/04\/Car-Rent-Wypozyczalnia-Samochodow-Alicante-BMW-3-Cabrio-Czerwony-250-250.png\",\"width\":250,\"height\":250,\"caption\":\"Tani wynajem samochod\u00f3w Alicante\"},\"image\":{\"@id\":\"https:\/\/c4rent.es\/pl\/#\/schema\/logo\/image\/\"},\"sameAs\":[\"https:\/\/www.facebook.com\/p\/C4Rent-100075915398497\/\"]}]}<\/script>\n<!-- \/ Yoast SEO plugin. -->","yoast_head_json":{"title":"FAQ - Wynajem samochodu Alicante","description":"Witamy w Alicante Oferujemy samochody na wynajem w najni\u017cszych cenach. Nie jeste\u015b zdecydowany, zadzwo\u0144, pomo\u017cemy ci dokona\u0107 wyboru.","robots":{"index":"index","follow":"follow","max-snippet":"max-snippet:-1","max-image-preview":"max-image-preview:large","max-video-preview":"max-video-preview:-1"},"canonical":"https:\/\/c4rent.es\/pl\/faq\/","og_locale":"pl_PL","og_type":"article","og_title":"FAQ - Wynajem samochodu Alicante","og_description":"Witamy w Alicante Oferujemy samochody na wynajem w najni\u017cszych cenach. Nie jeste\u015b zdecydowany, zadzwo\u0144, pomo\u017cemy ci dokona\u0107 wyboru.","og_url":"https:\/\/c4rent.es\/pl\/faq\/","og_site_name":"Wynajem samochodu Alicante","article_publisher":"https:\/\/www.facebook.com\/p\/C4Rent-100075915398497\/","article_modified_time":"2022-07-25T15:41:53+00:00","og_image":[{"width":250,"height":250,"url":"https:\/\/c4rent.es\/wp-content\/uploads\/2022\/07\/Wypozyczalnia-Samochodow-Alicante-250-250.jpg","type":"image\/jpeg"}],"twitter_card":"summary_large_image","twitter_misc":{"Szacowany czas czytania":"2 minuty"},"schema":{"@context":"https:\/\/schema.org","@graph":[{"@type":"WebPage","@id":"https:\/\/c4rent.es\/pl\/faq\/","url":"https:\/\/c4rent.es\/pl\/faq\/","name":"FAQ - Wynajem samochodu Alicante","isPartOf":{"@id":"https:\/\/c4rent.es\/pl\/#website"},"primaryImageOfPage":{"@id":"https:\/\/c4rent.es\/pl\/faq\/#primaryimage"},"image":{"@id":"https:\/\/c4rent.es\/pl\/faq\/#primaryimage"},"thumbnailUrl":"https:\/\/c4rent.es\/wp-content\/uploads\/2022\/07\/Wypozyczalnia-Samochodow-Alicante-250-250.jpg","datePublished":"2017-08-19T02:14:17+00:00","dateModified":"2022-07-25T15:41:53+00:00","description":"Witamy w Alicante Oferujemy samochody na wynajem w najni\u017cszych cenach. Nie jeste\u015b zdecydowany, zadzwo\u0144, pomo\u017cemy ci dokona\u0107 wyboru.","breadcrumb":{"@id":"https:\/\/c4rent.es\/pl\/faq\/#breadcrumb"},"inLanguage":"pl-PL","potentialAction":[{"@type":"ReadAction","target":["https:\/\/c4rent.es\/pl\/faq\/"]}]},{"@type":"ImageObject","inLanguage":"pl-PL","@id":"https:\/\/c4rent.es\/pl\/faq\/#primaryimage","url":"https:\/\/c4rent.es\/wp-content\/uploads\/2022\/07\/Wypozyczalnia-Samochodow-Alicante-250-250.jpg","contentUrl":"https:\/\/c4rent.es\/wp-content\/uploads\/2022\/07\/Wypozyczalnia-Samochodow-Alicante-250-250.jpg","width":250,"height":250,"caption":"Wypo\u017cyczalnia Samochod\u00f3w Alicante Benidorm Torrevieja"},{"@type":"BreadcrumbList","@id":"https:\/\/c4rent.es\/pl\/faq\/#breadcrumb","itemListElement":[{"@type":"ListItem","position":1,"name":"Strona g\u0142\u00f3wna","item":"https:\/\/c4rent.es\/pl\/"},{"@type":"ListItem","position":2,"name":"FAQ"}]},{"@type":"WebSite","@id":"https:\/\/c4rent.es\/pl\/#website","url":"https:\/\/c4rent.es\/pl\/","name":"Wynajem samochodu Alicante.","description":"Best car rental services in Alicante (Costa Blanca, Spain)","publisher":{"@id":"https:\/\/c4rent.es\/pl\/#organization"},"alternateName":"Wypo\u017cyczalnia aut Alicante.","potentialAction":[{"@type":"SearchAction","target":{"@type":"EntryPoint","urlTemplate":"https:\/\/c4rent.es\/pl\/?s={search_term_string}"},"query-input":"required name=search_term_string"}],"inLanguage":"pl-PL"},{"@type":"Organization","@id":"https:\/\/c4rent.es\/pl\/#organization","name":"Tani wynajem samochod\u00f3w Alicante","alternateName":"Car rental service in Alicante (Spain , Costa Blanca)","url":"https:\/\/c4rent.es\/pl\/","logo":{"@type":"ImageObject","inLanguage":"pl-PL","@id":"https:\/\/c4rent.es\/pl\/#\/schema\/logo\/image\/","url":"https:\/\/c4rent.es\/wp-content\/uploads\/2022\/04\/Car-Rent-Wypozyczalnia-Samochodow-Alicante-BMW-3-Cabrio-Czerwony-250-250.png","contentUrl":"https:\/\/c4rent.es\/wp-content\/uploads\/2022\/04\/Car-Rent-Wypozyczalnia-Samochodow-Alicante-BMW-3-Cabrio-Czerwony-250-250.png","width":250,"height":250,"caption":"Tani wynajem samochod\u00f3w Alicante"},"image":{"@id":"https:\/\/c4rent.es\/pl\/#\/schema\/logo\/image\/"},"sameAs":["https:\/\/www.facebook.com\/p\/C4Rent-100075915398497\/"]}]}},"_links":{"self":[{"href":"https:\/\/c4rent.es\/pl\/wp-json\/wp\/v2\/pages\/563","targetHints":{"allow":["GET"]}}],"collection":[{"href":"https:\/\/c4rent.es\/pl\/wp-json\/wp\/v2\/pages"}],"about":[{"href":"https:\/\/c4rent.es\/pl\/wp-json\/wp\/v2\/types\/page"}],"author":[{"embeddable":true,"href":"https:\/\/c4rent.es\/pl\/wp-json\/wp\/v2\/users\/1"}],"replies":[{"embeddable":true,"href":"https:\/\/c4rent.es\/pl\/wp-json\/wp\/v2\/comments?post=563"}],"version-history":[{"count":3,"href":"https:\/\/c4rent.es\/pl\/wp-json\/wp\/v2\/pages\/563\/revisions"}],"predecessor-version":[{"id":3105,"href":"https:\/\/c4rent.es\/pl\/wp-json\/wp\/v2\/pages\/563\/revisions\/3105"}],"wp:featuredmedia":[{"embeddable":true,"href":"https:\/\/c4rent.es\/pl\/wp-json\/wp\/v2\/media\/3550"}],"wp:attachment":[{"href":"https:\/\/c4rent.es\/pl\/wp-json\/wp\/v2\/media?parent=563"}],"curies":[{"name":"wp","href":"https:\/\/api.w.org\/{rel}","templated":true}]}}