{"id":588,"date":"2017-08-19T06:48:22","date_gmt":"2017-08-19T04:48:22","guid":{"rendered":"http:\/\/grupored.inteligencia-web.com\/?page_id=588"},"modified":"2023-07-08T09:18:10","modified_gmt":"2023-07-08T07:18:10","slug":"moj-kod-rezerwacji","status":"publish","type":"page","link":"https:\/\/c4rent.es\/pl\/moj-kod-rezerwacji\/","title":{"rendered":"M\u00f3j kod rezerwacji"},"content":{"rendered":"<div class=\"wpb-content-wrapper\"><p>[vc_row][vc_column]<div id=\"edit201775\"><div style=\"padding: 20px; border: 1px solid #ddd; background: #f9f9f9; margin: 20px 0;\"><h3>Dost\u0119p ograniczony<\/h3><p>Ta funkcjonalno\u015b\u0107 jest dost\u0119pna tylko dla administrator\u00f3w.<\/p><p><a href=\"https:\/\/c4rent.es\/pl\/wp-login.php?redirect_to=%2Fpl%2Fwp-json%2Fwp%2Fv2%2Fpages%2F588\" style=\"background: #0073aa; color: white; padding: 8px 15px; text-decoration: none;\">Zaloguj si\u0119 jako administrator<\/a><\/p><\/div><\/div>[\/vc_column][\/vc_row][vc_row][vc_column][vc_column_text el_class=&#8221;no_padding&#8221;]Je\u015bli potrzebujesz pomocy, przeczytaj sekcj\u0119\u00a0<a href=\"\/faq\/\" target=\"_self\" rel=\"noopener\">FAQ<\/a> lub <a href=\"\/kontakt\/\" target=\"_self\" rel=\"noopener\">Skontaktuj si\u0119 z nami<\/a>.[\/vc_column_text][\/vc_column][\/vc_row]<\/p>\n<\/div>","protected":false},"excerpt":{"rendered":"<p>[vc_row][vc_column][\/vc_column][\/vc_row][vc_row][vc_column][vc_column_text el_class=&#8221;no_padding&#8221;]Je\u015bli potrzebujesz pomocy, przeczytaj sekcj\u0119\u00a0FAQ lub Skontaktuj si\u0119 z nami.[\/vc_column_text][\/vc_column][\/vc_row]<\/p>\n","protected":false},"author":1,"featured_media":3550,"parent":0,"menu_order":0,"comment_status":"closed","ping_status":"closed","template":"","meta":{"footnotes":""},"class_list":["post-588","page","type-page","status-publish","has-post-thumbnail","hentry"],"yoast_head":"<!-- This site is optimized with the Yoast SEO plugin v22.8 - https:\/\/yoast.com\/wordpress\/plugins\/seo\/ -->\n<title>M\u00f3j kod rezerwacji - Wynajem samochodu Alicante<\/title>\n<meta name=\"description\" content=\"Ca\u0142y nasz zesp\u00f3\u0142 w C4Rent wita Ci\u0119 w Alicante - Hiszpanii. Zarz\u0105dzaj swoj\u0105 rezerwacj\u0105 tutaj.\" \/>\n<meta name=\"robots\" content=\"index, follow, max-snippet:-1, max-image-preview:large, max-video-preview:-1\" \/>\n<link rel=\"canonical\" href=\"https:\/\/c4rent.es\/pl\/moj-kod-rezerwacji\/\" \/>\n<meta property=\"og:locale\" content=\"pl_PL\" \/>\n<meta property=\"og:type\" content=\"article\" \/>\n<meta property=\"og:title\" content=\"M\u00f3j kod rezerwacji - Wynajem samochodu Alicante\" \/>\n<meta property=\"og:description\" content=\"Ca\u0142y nasz zesp\u00f3\u0142 w C4Rent wita Ci\u0119 w Alicante - Hiszpanii. Zarz\u0105dzaj swoj\u0105 rezerwacj\u0105 tutaj.\" \/>\n<meta property=\"og:url\" content=\"https:\/\/c4rent.es\/pl\/moj-kod-rezerwacji\/\" \/>\n<meta property=\"og:site_name\" content=\"Wynajem samochodu Alicante\" \/>\n<meta property=\"article:publisher\" content=\"https:\/\/www.facebook.com\/p\/C4Rent-100075915398497\/\" \/>\n<meta property=\"article:modified_time\" content=\"2023-07-08T07:18:10+00:00\" \/>\n<meta property=\"og:image\" content=\"https:\/\/c4rent.es\/wp-content\/uploads\/2022\/07\/Wypozyczalnia-Samochodow-Alicante-250-250.jpg\" \/>\n\t<meta property=\"og:image:width\" content=\"250\" \/>\n\t<meta property=\"og:image:height\" content=\"250\" \/>\n\t<meta property=\"og:image:type\" content=\"image\/jpeg\" \/>\n<meta name=\"twitter:card\" content=\"summary_large_image\" \/>\n<script type=\"application\/ld+json\" class=\"yoast-schema-graph\">{\"@context\":\"https:\/\/schema.org\",\"@graph\":[{\"@type\":\"WebPage\",\"@id\":\"https:\/\/c4rent.es\/pl\/moj-kod-rezerwacji\/\",\"url\":\"https:\/\/c4rent.es\/pl\/moj-kod-rezerwacji\/\",\"name\":\"M\u00f3j kod rezerwacji - Wynajem samochodu Alicante\",\"isPartOf\":{\"@id\":\"https:\/\/c4rent.es\/pl\/#website\"},\"primaryImageOfPage\":{\"@id\":\"https:\/\/c4rent.es\/pl\/moj-kod-rezerwacji\/#primaryimage\"},\"image\":{\"@id\":\"https:\/\/c4rent.es\/pl\/moj-kod-rezerwacji\/#primaryimage\"},\"thumbnailUrl\":\"https:\/\/c4rent.es\/wp-content\/uploads\/2022\/07\/Wypozyczalnia-Samochodow-Alicante-250-250.jpg\",\"datePublished\":\"2017-08-19T04:48:22+00:00\",\"dateModified\":\"2023-07-08T07:18:10+00:00\",\"description\":\"Ca\u0142y nasz zesp\u00f3\u0142 w C4Rent wita Ci\u0119 w Alicante - Hiszpanii. Zarz\u0105dzaj swoj\u0105 rezerwacj\u0105 tutaj.\",\"breadcrumb\":{\"@id\":\"https:\/\/c4rent.es\/pl\/moj-kod-rezerwacji\/#breadcrumb\"},\"inLanguage\":\"pl-PL\",\"potentialAction\":[{\"@type\":\"ReadAction\",\"target\":[\"https:\/\/c4rent.es\/pl\/moj-kod-rezerwacji\/\"]}]},{\"@type\":\"ImageObject\",\"inLanguage\":\"pl-PL\",\"@id\":\"https:\/\/c4rent.es\/pl\/moj-kod-rezerwacji\/#primaryimage\",\"url\":\"https:\/\/c4rent.es\/wp-content\/uploads\/2022\/07\/Wypozyczalnia-Samochodow-Alicante-250-250.jpg\",\"contentUrl\":\"https:\/\/c4rent.es\/wp-content\/uploads\/2022\/07\/Wypozyczalnia-Samochodow-Alicante-250-250.jpg\",\"width\":250,\"height\":250,\"caption\":\"Wypo\u017cyczalnia Samochod\u00f3w Alicante Benidorm Torrevieja\"},{\"@type\":\"BreadcrumbList\",\"@id\":\"https:\/\/c4rent.es\/pl\/moj-kod-rezerwacji\/#breadcrumb\",\"itemListElement\":[{\"@type\":\"ListItem\",\"position\":1,\"name\":\"Strona g\u0142\u00f3wna\",\"item\":\"https:\/\/c4rent.es\/pl\/\"},{\"@type\":\"ListItem\",\"position\":2,\"name\":\"M\u00f3j kod rezerwacji\"}]},{\"@type\":\"WebSite\",\"@id\":\"https:\/\/c4rent.es\/pl\/#website\",\"url\":\"https:\/\/c4rent.es\/pl\/\",\"name\":\"Wynajem samochodu Alicante.\",\"description\":\"Best car rental services in Alicante (Costa Blanca, Spain)\",\"publisher\":{\"@id\":\"https:\/\/c4rent.es\/pl\/#organization\"},\"alternateName\":\"Wypo\u017cyczalnia aut Alicante.\",\"potentialAction\":[{\"@type\":\"SearchAction\",\"target\":{\"@type\":\"EntryPoint\",\"urlTemplate\":\"https:\/\/c4rent.es\/pl\/?s={search_term_string}\"},\"query-input\":\"required name=search_term_string\"}],\"inLanguage\":\"pl-PL\"},{\"@type\":\"Organization\",\"@id\":\"https:\/\/c4rent.es\/pl\/#organization\",\"name\":\"Tani wynajem samochod\u00f3w Alicante\",\"alternateName\":\"Car rental service in Alicante (Spain , Costa Blanca)\",\"url\":\"https:\/\/c4rent.es\/pl\/\",\"logo\":{\"@type\":\"ImageObject\",\"inLanguage\":\"pl-PL\",\"@id\":\"https:\/\/c4rent.es\/pl\/#\/schema\/logo\/image\/\",\"url\":\"https:\/\/c4rent.es\/wp-content\/uploads\/2022\/04\/Car-Rent-Wypozyczalnia-Samochodow-Alicante-BMW-3-Cabrio-Czerwony-250-250.png\",\"contentUrl\":\"https:\/\/c4rent.es\/wp-content\/uploads\/2022\/04\/Car-Rent-Wypozyczalnia-Samochodow-Alicante-BMW-3-Cabrio-Czerwony-250-250.png\",\"width\":250,\"height\":250,\"caption\":\"Tani wynajem samochod\u00f3w Alicante\"},\"image\":{\"@id\":\"https:\/\/c4rent.es\/pl\/#\/schema\/logo\/image\/\"},\"sameAs\":[\"https:\/\/www.facebook.com\/p\/C4Rent-100075915398497\/\"]}]}<\/script>\n<!-- \/ Yoast SEO plugin. -->","yoast_head_json":{"title":"M\u00f3j kod rezerwacji - Wynajem samochodu Alicante","description":"Ca\u0142y nasz zesp\u00f3\u0142 w C4Rent wita Ci\u0119 w Alicante - Hiszpanii. Zarz\u0105dzaj swoj\u0105 rezerwacj\u0105 tutaj.","robots":{"index":"index","follow":"follow","max-snippet":"max-snippet:-1","max-image-preview":"max-image-preview:large","max-video-preview":"max-video-preview:-1"},"canonical":"https:\/\/c4rent.es\/pl\/moj-kod-rezerwacji\/","og_locale":"pl_PL","og_type":"article","og_title":"M\u00f3j kod rezerwacji - Wynajem samochodu Alicante","og_description":"Ca\u0142y nasz zesp\u00f3\u0142 w C4Rent wita Ci\u0119 w Alicante - Hiszpanii. Zarz\u0105dzaj swoj\u0105 rezerwacj\u0105 tutaj.","og_url":"https:\/\/c4rent.es\/pl\/moj-kod-rezerwacji\/","og_site_name":"Wynajem samochodu Alicante","article_publisher":"https:\/\/www.facebook.com\/p\/C4Rent-100075915398497\/","article_modified_time":"2023-07-08T07:18:10+00:00","og_image":[{"width":250,"height":250,"url":"https:\/\/c4rent.es\/wp-content\/uploads\/2022\/07\/Wypozyczalnia-Samochodow-Alicante-250-250.jpg","type":"image\/jpeg"}],"twitter_card":"summary_large_image","schema":{"@context":"https:\/\/schema.org","@graph":[{"@type":"WebPage","@id":"https:\/\/c4rent.es\/pl\/moj-kod-rezerwacji\/","url":"https:\/\/c4rent.es\/pl\/moj-kod-rezerwacji\/","name":"M\u00f3j kod rezerwacji - Wynajem samochodu Alicante","isPartOf":{"@id":"https:\/\/c4rent.es\/pl\/#website"},"primaryImageOfPage":{"@id":"https:\/\/c4rent.es\/pl\/moj-kod-rezerwacji\/#primaryimage"},"image":{"@id":"https:\/\/c4rent.es\/pl\/moj-kod-rezerwacji\/#primaryimage"},"thumbnailUrl":"https:\/\/c4rent.es\/wp-content\/uploads\/2022\/07\/Wypozyczalnia-Samochodow-Alicante-250-250.jpg","datePublished":"2017-08-19T04:48:22+00:00","dateModified":"2023-07-08T07:18:10+00:00","description":"Ca\u0142y nasz zesp\u00f3\u0142 w C4Rent wita Ci\u0119 w Alicante - Hiszpanii. Zarz\u0105dzaj swoj\u0105 rezerwacj\u0105 tutaj.","breadcrumb":{"@id":"https:\/\/c4rent.es\/pl\/moj-kod-rezerwacji\/#breadcrumb"},"inLanguage":"pl-PL","potentialAction":[{"@type":"ReadAction","target":["https:\/\/c4rent.es\/pl\/moj-kod-rezerwacji\/"]}]},{"@type":"ImageObject","inLanguage":"pl-PL","@id":"https:\/\/c4rent.es\/pl\/moj-kod-rezerwacji\/#primaryimage","url":"https:\/\/c4rent.es\/wp-content\/uploads\/2022\/07\/Wypozyczalnia-Samochodow-Alicante-250-250.jpg","contentUrl":"https:\/\/c4rent.es\/wp-content\/uploads\/2022\/07\/Wypozyczalnia-Samochodow-Alicante-250-250.jpg","width":250,"height":250,"caption":"Wypo\u017cyczalnia Samochod\u00f3w Alicante Benidorm Torrevieja"},{"@type":"BreadcrumbList","@id":"https:\/\/c4rent.es\/pl\/moj-kod-rezerwacji\/#breadcrumb","itemListElement":[{"@type":"ListItem","position":1,"name":"Strona g\u0142\u00f3wna","item":"https:\/\/c4rent.es\/pl\/"},{"@type":"ListItem","position":2,"name":"M\u00f3j kod rezerwacji"}]},{"@type":"WebSite","@id":"https:\/\/c4rent.es\/pl\/#website","url":"https:\/\/c4rent.es\/pl\/","name":"Wynajem samochodu Alicante.","description":"Best car rental services in Alicante (Costa Blanca, Spain)","publisher":{"@id":"https:\/\/c4rent.es\/pl\/#organization"},"alternateName":"Wypo\u017cyczalnia aut Alicante.","potentialAction":[{"@type":"SearchAction","target":{"@type":"EntryPoint","urlTemplate":"https:\/\/c4rent.es\/pl\/?s={search_term_string}"},"query-input":"required name=search_term_string"}],"inLanguage":"pl-PL"},{"@type":"Organization","@id":"https:\/\/c4rent.es\/pl\/#organization","name":"Tani wynajem samochod\u00f3w Alicante","alternateName":"Car rental service in Alicante (Spain , Costa Blanca)","url":"https:\/\/c4rent.es\/pl\/","logo":{"@type":"ImageObject","inLanguage":"pl-PL","@id":"https:\/\/c4rent.es\/pl\/#\/schema\/logo\/image\/","url":"https:\/\/c4rent.es\/wp-content\/uploads\/2022\/04\/Car-Rent-Wypozyczalnia-Samochodow-Alicante-BMW-3-Cabrio-Czerwony-250-250.png","contentUrl":"https:\/\/c4rent.es\/wp-content\/uploads\/2022\/04\/Car-Rent-Wypozyczalnia-Samochodow-Alicante-BMW-3-Cabrio-Czerwony-250-250.png","width":250,"height":250,"caption":"Tani wynajem samochod\u00f3w Alicante"},"image":{"@id":"https:\/\/c4rent.es\/pl\/#\/schema\/logo\/image\/"},"sameAs":["https:\/\/www.facebook.com\/p\/C4Rent-100075915398497\/"]}]}},"_links":{"self":[{"href":"https:\/\/c4rent.es\/pl\/wp-json\/wp\/v2\/pages\/588","targetHints":{"allow":["GET"]}}],"collection":[{"href":"https:\/\/c4rent.es\/pl\/wp-json\/wp\/v2\/pages"}],"about":[{"href":"https:\/\/c4rent.es\/pl\/wp-json\/wp\/v2\/types\/page"}],"author":[{"embeddable":true,"href":"https:\/\/c4rent.es\/pl\/wp-json\/wp\/v2\/users\/1"}],"replies":[{"embeddable":true,"href":"https:\/\/c4rent.es\/pl\/wp-json\/wp\/v2\/comments?post=588"}],"version-history":[{"count":10,"href":"https:\/\/c4rent.es\/pl\/wp-json\/wp\/v2\/pages\/588\/revisions"}],"predecessor-version":[{"id":3643,"href":"https:\/\/c4rent.es\/pl\/wp-json\/wp\/v2\/pages\/588\/revisions\/3643"}],"wp:featuredmedia":[{"embeddable":true,"href":"https:\/\/c4rent.es\/pl\/wp-json\/wp\/v2\/media\/3550"}],"wp:attachment":[{"href":"https:\/\/c4rent.es\/pl\/wp-json\/wp\/v2\/media?parent=588"}],"curies":[{"name":"wp","href":"https:\/\/api.w.org\/{rel}","templated":true}]}}